{"id":879,"date":"2021-03-05T09:48:37","date_gmt":"2021-03-05T08:48:37","guid":{"rendered":"https:\/\/nisadesign.hr\/?post_type=product&#038;p=879"},"modified":"2025-07-15T13:03:19","modified_gmt":"2025-07-15T11:03:19","slug":"ogrlica-moja-rijeka-3","status":"publish","type":"product","link":"https:\/\/nisadesign.hr\/en\/product\/ogrlica-moja-rijeka-3\/","title":{"rendered":"Ogrlica &#8220;Moja Rijeka&#8221; #3"},"content":{"rendered":"<p class=\"p1\"><span class=\"s1\">Dragi Rije\u010dani i ljubitelji grada Rijeke, za vas sam pripremila posebnu liniju rije\u010dkog dizajnerskog nakita. Na ogrlicu je aplicirana ilustracija na\u0161e Rijeke koju sam crtala prilikom stvaranja scenografije za predstavu &#8220;Trsatski zmaj&#8221;. Likovni prikaz na\u0161eg grada odlu\u010dila sam podijeliti s vama. U\u017eivajte u no\u0161enju na\u0161ega grada!<\/span><\/p>\n<p class=\"p1\"><span class=\"s1\">VELI\u010cINA PRIVJESKA: 10 CM<\/span><\/p>\n<p class=\"p1\"><span class=\"s1\">Materijal: pleksiglas i metalna \u017eica<\/span><\/p>","protected":false},"excerpt":{"rendered":"<p class=\"p1\"><span class=\"s1\">Dragi Rije\u010dani i ljubitelji grada Rijeke, za vas sam pripremila posebnu liniju rije\u010dkog dizajnerskog nakita. Na ogrlicu je aplicirana ilustracija na\u0161e Rijeke koju sam crtala prilikom stvaranja scenografije za predstavu &#8220;Trsatski zmaj&#8221;. Likovni prikaz na\u0161eg grada odlu\u010dila sam podijeliti s vama. U\u017eivajte u no\u0161enju na\u0161ega grada!<\/span><\/p>\n<p class=\"p1\"><span class=\"s1\">VELI\u010cINA PRIVJESKA: 7 CM<\/span><\/p>\n<p class=\"p1\"><span class=\"s1\">Materijal: pleksiglas i metalna \u017eica<\/span><\/p>","protected":false},"featured_media":882,"comment_status":"open","ping_status":"closed","template":"","meta":[],"product_brand":[],"product_cat":[31,39],"product_tag":[51,55,46,47,53,83,52,48,49,56,54,50],"class_list":{"0":"post-879","1":"product","2":"type-product","3":"status-publish","4":"has-post-thumbnail","6":"product_cat-moja-rijeka","7":"product_cat-ogrlice-moja-rijeka","8":"product_tag-nakit","9":"product_tag-necklace","10":"product_tag-nisa-design","11":"product_tag-nisa-design-ogrlica","12":"product_tag-nisa-design-rijeka","13":"product_tag-nisa-hrvatin","14":"product_tag-nisa-hrvatin-petrovic","15":"product_tag-ogrlica-nisa","16":"product_tag-ogrlica-rijeka","17":"product_tag-rijecka-ogrlica","18":"product_tag-rijecke-ilustracije","19":"product_tag-rijeka","21":"first","22":"outofstock","23":"sale","24":"shipping-taxable","25":"purchasable","26":"product-type-simple","27":"wcspt-has-gallery"},"_links":{"self":[{"href":"https:\/\/nisadesign.hr\/en\/wp-json\/wp\/v2\/product\/879","targetHints":{"allow":["GET"]}}],"collection":[{"href":"https:\/\/nisadesign.hr\/en\/wp-json\/wp\/v2\/product"}],"about":[{"href":"https:\/\/nisadesign.hr\/en\/wp-json\/wp\/v2\/types\/product"}],"replies":[{"embeddable":true,"href":"https:\/\/nisadesign.hr\/en\/wp-json\/wp\/v2\/comments?post=879"}],"wp:featuredmedia":[{"embeddable":true,"href":"https:\/\/nisadesign.hr\/en\/wp-json\/wp\/v2\/media\/882"}],"wp:attachment":[{"href":"https:\/\/nisadesign.hr\/en\/wp-json\/wp\/v2\/media?parent=879"}],"wp:term":[{"taxonomy":"product_brand","embeddable":true,"href":"https:\/\/nisadesign.hr\/en\/wp-json\/wp\/v2\/product_brand?post=879"},{"taxonomy":"product_cat","embeddable":true,"href":"https:\/\/nisadesign.hr\/en\/wp-json\/wp\/v2\/product_cat?post=879"},{"taxonomy":"product_tag","embeddable":true,"href":"https:\/\/nisadesign.hr\/en\/wp-json\/wp\/v2\/product_tag?post=879"}],"curies":[{"name":"wp","href":"https:\/\/api.w.org\/{rel}","templated":true}]}}