{"id":585,"date":"2018-09-25T10:32:23","date_gmt":"2018-09-25T08:32:23","guid":{"rendered":"https:\/\/nisadesign.hr\/?post_type=product&#038;p=585"},"modified":"2025-07-15T13:03:19","modified_gmt":"2025-07-15T11:03:19","slug":"prsten-space-shapes-limited-edition-3","status":"publish","type":"product","link":"https:\/\/nisadesign.hr\/en\/product\/prsten-space-shapes-limited-edition-3\/","title":{"rendered":"Prsten &#8220;Space shapes&#8221; #14"},"content":{"rendered":"<p class=\"p1\"><span class=\"s1\">Ljubitelji neobi\u010dnog nakita, imate priliku imati jedan od 10 jedinstvenih prstena limitirane serije koji predstavljaju satelite, planete ili zvijezde na koje sti\u017ee Mali princ. U\u0111ite u jedan druga\u010diji svijet koji otvara vrata ma\u0161te! Prsten je na\u010dinjen od pleksiglasa na koji je apliciran print na\u0161eg svemirskog oblika, a metalni ring mo\u017ee se posebno prilagoditi veli\u010dini va\u0161eg prsta. Va\u0161 oblik umno\u017eit \u0107e se deset puta i vi\u0161e ne\u0107e biti proizveden, zato vi posjedujete jedinstvenu unikatnu seriju.<\/span><\/p>\n<p class=\"p1\"><span class=\"s1\">VELI\u010cINA KRUGA: 4 CM <\/span><\/p>\n<p class=\"p1\"><span class=\"s1\">Materijal: pleksiglas i metalni ring<\/span><\/p>","protected":false},"excerpt":{"rendered":"<p class=\"p1\"><span class=\"s1\">Ljubitelji neobi\u010dnog nakita, imate priliku imati jedan od 10 jedinstvenih prstena limitirane serije koji predstavljaju satelite, planete ili zvijezde na koje sti\u017ee Mali princ. U\u0111ite u jedan druga\u010diji svijet koji otvara vrata ma\u0161te! Prsten je na\u010dinjen od pleksiglasa na koji je apliciran print na\u0161eg svemirskog oblika, a metalni ring mo\u017ee se posebno prilagoditi veli\u010dini va\u0161eg prsta. Va\u0161 oblik umno\u017eit \u0107e se deset puta i vi\u0161e ne\u0107e biti proizveden, zato vi posjedujete jedinstvenu unikatnu seriju.<\/span><\/p>\n<p class=\"p1\"><span class=\"s1\">VELI\u010cINA KRUGA: 4 CM <\/span><\/p>\n<p class=\"p1\"><span class=\"s1\">Materijal: pleksiglas i metalni ring<\/span><\/p>","protected":false},"featured_media":490,"comment_status":"open","ping_status":"closed","template":"","meta":[],"product_brand":[],"product_cat":[30,24],"product_tag":[59,62,51,46,61,57,53,83,52,58,60,63,35],"class_list":{"0":"post-585","1":"product","2":"type-product","3":"status-publish","4":"has-post-thumbnail","6":"product_cat-space-shapes","7":"product_cat-prsteni","8":"product_tag-hrvatski-dizajn","9":"product_tag-limited-edition-prsteni","10":"product_tag-nakit","11":"product_tag-nisa-design","12":"product_tag-nisa-design-limited-edition","13":"product_tag-nisa-design-prsten","14":"product_tag-nisa-design-rijeka","15":"product_tag-nisa-hrvatin","16":"product_tag-nisa-hrvatin-petrovic","17":"product_tag-prsten-nisa","18":"product_tag-rijecki-dizajn","19":"product_tag-rijecki-dizajneri","20":"product_tag-space-shapes","22":"first","23":"outofstock","24":"sale","25":"shipping-taxable","26":"purchasable","27":"product-type-simple","28":"wcspt-has-gallery"},"_links":{"self":[{"href":"https:\/\/nisadesign.hr\/en\/wp-json\/wp\/v2\/product\/585","targetHints":{"allow":["GET"]}}],"collection":[{"href":"https:\/\/nisadesign.hr\/en\/wp-json\/wp\/v2\/product"}],"about":[{"href":"https:\/\/nisadesign.hr\/en\/wp-json\/wp\/v2\/types\/product"}],"replies":[{"embeddable":true,"href":"https:\/\/nisadesign.hr\/en\/wp-json\/wp\/v2\/comments?post=585"}],"wp:featuredmedia":[{"embeddable":true,"href":"https:\/\/nisadesign.hr\/en\/wp-json\/wp\/v2\/media\/490"}],"wp:attachment":[{"href":"https:\/\/nisadesign.hr\/en\/wp-json\/wp\/v2\/media?parent=585"}],"wp:term":[{"taxonomy":"product_brand","embeddable":true,"href":"https:\/\/nisadesign.hr\/en\/wp-json\/wp\/v2\/product_brand?post=585"},{"taxonomy":"product_cat","embeddable":true,"href":"https:\/\/nisadesign.hr\/en\/wp-json\/wp\/v2\/product_cat?post=585"},{"taxonomy":"product_tag","embeddable":true,"href":"https:\/\/nisadesign.hr\/en\/wp-json\/wp\/v2\/product_tag?post=585"}],"curies":[{"name":"wp","href":"https:\/\/api.w.org\/{rel}","templated":true}]}}