{"id":576,"date":"2018-09-25T09:59:55","date_gmt":"2018-09-25T07:59:55","guid":{"rendered":"https:\/\/nisadesign.hr\/?post_type=product&#038;p=576"},"modified":"2025-08-28T16:34:42","modified_gmt":"2025-08-28T14:34:42","slug":"ogrlica-space-shapes-11","status":"publish","type":"product","link":"https:\/\/nisadesign.hr\/en\/product\/ogrlica-space-shapes-11\/","title":{"rendered":"Ogrlica &#8220;Space shapes&#8221; #11"},"content":{"rendered":"<p class=\"p1\"><span class=\"s1\">Ljubitelji neobi\u010dnog nakita, imate priliku imati jedan od satelita, planeta ili zvijezda na koje sti\u017ee Mali princ. U\u0111ite u jedan druga\u010diji svijet koji otvara vrata ma\u0161te! Ogrlica je na\u010dinjena od pleksiglasa na koji je apliciran print na\u0161eg svemirskog oblika, \u017eica je od metala i mo\u017ee se posebno prilagoditi veli\u010dina prema va\u0161oj \u017eelji.\u00a0<\/span><span class=\"s1\">.<\/span><\/p>\n<p class=\"p2\"><span class=\"s1\">VELI\u010cINA PRIVJESKA:\u00a0 7 ili 10 CM\u00a0<\/span><\/p>\n<p class=\"p1\"><span class=\"s1\">Materijal: pleksiglas i metalna \u017eica<\/span><\/p>","protected":false},"excerpt":{"rendered":"<p class=\"p1\"><span class=\"s1\">Ljubitelji neobi\u010dnog nakita, imate priliku imati jedan od satelita, planeta ili zvijezda na koje sti\u017ee Mali princ. U\u0111ite u jedan druga\u010diji svijet koji otvara vrata ma\u0161te! Ogrlica je na\u010dinjena od pleksiglasa na koji je apliciran print na\u0161eg svemirskog oblika, \u017eica je od metala i mo\u017ee se posebno prilagoditi veli\u010dina prema va\u0161oj \u017eelji.\u00a0<\/span><\/p>\n<p class=\"p2\"><span class=\"s1\">VELI\u010cINA PRIVJESKA:\u00a0 7 ili 10 CM\u00a0<\/span><\/p>\n<p class=\"p1\"><span class=\"s1\">Materijal: pleksiglas i metalna \u017eica<\/span><\/p>","protected":false},"featured_media":531,"comment_status":"open","ping_status":"closed","template":"","meta":[],"product_brand":[],"product_cat":[30,25],"product_tag":[74,59,65,51,55,73,46,47,53,83,52,37,48,35,64],"class_list":{"0":"post-576","1":"product","2":"type-product","3":"status-publish","4":"has-post-thumbnail","6":"product_cat-space-shapes","7":"product_cat-ogrlice","8":"product_tag-croatian-design","9":"product_tag-hrvatski-dizajn","10":"product_tag-mali-princ-nakit","11":"product_tag-nakit","12":"product_tag-necklace","13":"product_tag-neobicne-ogrlice","14":"product_tag-nisa-design","15":"product_tag-nisa-design-ogrlica","16":"product_tag-nisa-design-rijeka","17":"product_tag-nisa-hrvatin","18":"product_tag-nisa-hrvatin-petrovic","19":"product_tag-ogrlica","20":"product_tag-ogrlica-nisa","21":"product_tag-space-shapes","22":"product_tag-svemirski-nakit","24":"first","25":"instock","26":"sale","27":"shipping-taxable","28":"purchasable","29":"product-type-simple","30":"wcspt-has-gallery"},"_links":{"self":[{"href":"https:\/\/nisadesign.hr\/en\/wp-json\/wp\/v2\/product\/576","targetHints":{"allow":["GET"]}}],"collection":[{"href":"https:\/\/nisadesign.hr\/en\/wp-json\/wp\/v2\/product"}],"about":[{"href":"https:\/\/nisadesign.hr\/en\/wp-json\/wp\/v2\/types\/product"}],"replies":[{"embeddable":true,"href":"https:\/\/nisadesign.hr\/en\/wp-json\/wp\/v2\/comments?post=576"}],"wp:featuredmedia":[{"embeddable":true,"href":"https:\/\/nisadesign.hr\/en\/wp-json\/wp\/v2\/media\/531"}],"wp:attachment":[{"href":"https:\/\/nisadesign.hr\/en\/wp-json\/wp\/v2\/media?parent=576"}],"wp:term":[{"taxonomy":"product_brand","embeddable":true,"href":"https:\/\/nisadesign.hr\/en\/wp-json\/wp\/v2\/product_brand?post=576"},{"taxonomy":"product_cat","embeddable":true,"href":"https:\/\/nisadesign.hr\/en\/wp-json\/wp\/v2\/product_cat?post=576"},{"taxonomy":"product_tag","embeddable":true,"href":"https:\/\/nisadesign.hr\/en\/wp-json\/wp\/v2\/product_tag?post=576"}],"curies":[{"name":"wp","href":"https:\/\/api.w.org\/{rel}","templated":true}]}}