{"id":575,"date":"2018-09-25T09:56:56","date_gmt":"2018-09-25T07:56:56","guid":{"rendered":"https:\/\/nisadesign.hr\/?post_type=product&#038;p=575"},"modified":"2025-08-28T16:34:42","modified_gmt":"2025-08-28T14:34:42","slug":"prsten-moja-rijeka-6","status":"publish","type":"product","link":"https:\/\/nisadesign.hr\/en\/product\/prsten-moja-rijeka-6\/","title":{"rendered":"Prsten &#8220;Moja Rijeka&#8221; #6"},"content":{"rendered":"<p class=\"p1\"><span class=\"s1\">Dragi Rije\u010dani i ljubitelji grada Rijeke, za vas sam pripremila posebnu liniju rije\u010dkog dizajnerskog nakita. Na prsten je aplicirana ilustracija na\u0161e Rijeke koju sam crtala prilikom stvaranja scenografije za predstavu \u201cTrsatski zmaj\u201d. Likovni prikaz na\u0161eg grada odlu\u010dila sam podijeliti s vama. U\u017eivajte u no\u0161enju na\u0161ega grada!<\/span><\/p>\n<p class=\"p1\"><span class=\"s1\">VELI\u010cINA KRUGA: 3 CM<\/span><\/p>\n<p class=\"p1\"><span class=\"s1\">Materijal: pleksiglas i metalni ring<\/span><\/p>","protected":false},"excerpt":{"rendered":"<p class=\"p1\"><span class=\"s1\">Dragi Rije\u010dani i ljubitelji grada Rijeke, za vas sam pripremila posebnu liniju rije\u010dkog dizajnerskog nakita. Na prsten je aplicirana ilustracija na\u0161e Rijeke koju sam crtala prilikom stvaranja scenografije za predstavu \u201cTrsatski zmaj\u201d. Likovni prikaz na\u0161eg grada odlu\u010dila sam podijeliti s vama. U\u017eivajte u no\u0161enju na\u0161ega grada!<\/span><\/p>\n<p class=\"p1\"><span class=\"s1\">VELI\u010cINA KRUGA: 3 CM<\/span><\/p>\n<p class=\"p1\"><span class=\"s1\">Materijal: pleksiglas i metalni ring<\/span><\/p>","protected":false},"featured_media":525,"comment_status":"open","ping_status":"closed","template":"","meta":[],"product_brand":[],"product_cat":[31,40],"product_tag":[51,46,57,53,77,75,58,54,60,63,68,69,76],"class_list":{"0":"post-575","1":"product","2":"type-product","3":"status-publish","4":"has-post-thumbnail","6":"product_cat-moja-rijeka","7":"product_cat-prsteni-moja-rijeka","8":"product_tag-nakit","9":"product_tag-nisa-design","10":"product_tag-nisa-design-prsten","11":"product_tag-nisa-design-rijeka","12":"product_tag-plexiglass","13":"product_tag-prsten","14":"product_tag-prsten-nisa","15":"product_tag-rijecke-ilustracije","16":"product_tag-rijecki-dizajn","17":"product_tag-rijecki-dizajneri","18":"product_tag-rijecki-prsteni","19":"product_tag-rijecki-suveniri","20":"product_tag-ring","22":"first","23":"instock","24":"sale","25":"shipping-taxable","26":"purchasable","27":"product-type-simple","28":"wcspt-has-gallery"},"_links":{"self":[{"href":"https:\/\/nisadesign.hr\/en\/wp-json\/wp\/v2\/product\/575","targetHints":{"allow":["GET"]}}],"collection":[{"href":"https:\/\/nisadesign.hr\/en\/wp-json\/wp\/v2\/product"}],"about":[{"href":"https:\/\/nisadesign.hr\/en\/wp-json\/wp\/v2\/types\/product"}],"replies":[{"embeddable":true,"href":"https:\/\/nisadesign.hr\/en\/wp-json\/wp\/v2\/comments?post=575"}],"wp:featuredmedia":[{"embeddable":true,"href":"https:\/\/nisadesign.hr\/en\/wp-json\/wp\/v2\/media\/525"}],"wp:attachment":[{"href":"https:\/\/nisadesign.hr\/en\/wp-json\/wp\/v2\/media?parent=575"}],"wp:term":[{"taxonomy":"product_brand","embeddable":true,"href":"https:\/\/nisadesign.hr\/en\/wp-json\/wp\/v2\/product_brand?post=575"},{"taxonomy":"product_cat","embeddable":true,"href":"https:\/\/nisadesign.hr\/en\/wp-json\/wp\/v2\/product_cat?post=575"},{"taxonomy":"product_tag","embeddable":true,"href":"https:\/\/nisadesign.hr\/en\/wp-json\/wp\/v2\/product_tag?post=575"}],"curies":[{"name":"wp","href":"https:\/\/api.w.org\/{rel}","templated":true}]}}