{"id":563,"date":"2018-09-25T08:58:41","date_gmt":"2018-09-25T06:58:41","guid":{"rendered":"https:\/\/nisadesign.hr\/?post_type=product&#038;p=563"},"modified":"2025-08-28T16:34:42","modified_gmt":"2025-08-28T14:34:42","slug":"ogrlica-space-shapes-limited-edition-3","status":"publish","type":"product","link":"https:\/\/nisadesign.hr\/en\/product\/ogrlica-space-shapes-limited-edition-3\/","title":{"rendered":"Ogrlica &#8220;Space shapes&#8221;  #12"},"content":{"rendered":"<p class=\"p1\"><span class=\"s1\">Ljubitelji neobi\u010dnog nakita, imate priliku imati jednu od 10 jedinstvenih ogrlica limitirane serije koje predstavljaju satelite, planete ili zvijezde na koji sti\u017ee Mali princ. U\u0111ite u jedan druga\u010diji svijet koji otvara vrata ma\u0161te! Ogrlica je na\u010dinjena od pleksiglasa na koji je apliciran print na\u0161eg svemirskog oblika, \u017eica je od metala i mo\u017ee se posebno prilagoditi veli\u010dina prema va\u0161oj \u017eelji.<span class=\"Apple-converted-space\">\u00a0 <\/span><\/span><\/p>\n<p class=\"p1\"><span class=\"s1\">VELI\u010cINA PRIVJESKA: 10 CM<\/span><\/p>\n<p class=\"p1\"><span class=\"s1\">Materijal: pleksiglas i metalna \u017eica<\/span><\/p>","protected":false},"excerpt":{"rendered":"<p class=\"p1\"><span class=\"s1\">Ljubitelji neobi\u010dnog nakita, imate priliku imati jednu od 10 jedinstvenih ogrlica limitirane serije koje predstavljaju satelite, planete ili zvijezde na koji sti\u017ee Mali princ. U\u0111ite u jedan druga\u010diji svijet koji otvara vrata ma\u0161te! Ogrlica je na\u010dinjena od pleksiglasa na koji je apliciran print na\u0161eg svemirskog oblika, \u017eica je od metala i mo\u017ee se posebno prilagoditi veli\u010dina prema va\u0161oj \u017eelji.<span class=\"Apple-converted-space\">\u00a0 <\/span><\/span><\/p>\n<p class=\"p1\"><span class=\"s1\">VELI\u010cINA PRIVJESKA: 10 CM<\/span><\/p>\n<p class=\"p1\"><span class=\"s1\">Materijal: pleksiglas i metalna \u017eica<\/span><\/p>\n<p class=\"p1\"><span class=\"s1\">Veli\u010dina privjeska mo\u017ee biti od 10 ili 7 cm , ukoliko \u017eelite ovaj oblik u druga\u010dijoj dimenziji napi\u0161ite u narud\u017ebi.<\/span><\/p>","protected":false},"featured_media":536,"comment_status":"open","ping_status":"closed","template":"","meta":[],"product_brand":[],"product_cat":[30,25],"product_tag":[46,61,47,83,52],"class_list":{"0":"post-563","1":"product","2":"type-product","3":"status-publish","4":"has-post-thumbnail","6":"product_cat-space-shapes","7":"product_cat-ogrlice","8":"product_tag-nisa-design","9":"product_tag-nisa-design-limited-edition","10":"product_tag-nisa-design-ogrlica","11":"product_tag-nisa-hrvatin","12":"product_tag-nisa-hrvatin-petrovic","14":"first","15":"instock","16":"sale","17":"shipping-taxable","18":"purchasable","19":"product-type-simple","20":"wcspt-has-gallery"},"_links":{"self":[{"href":"https:\/\/nisadesign.hr\/en\/wp-json\/wp\/v2\/product\/563","targetHints":{"allow":["GET"]}}],"collection":[{"href":"https:\/\/nisadesign.hr\/en\/wp-json\/wp\/v2\/product"}],"about":[{"href":"https:\/\/nisadesign.hr\/en\/wp-json\/wp\/v2\/types\/product"}],"replies":[{"embeddable":true,"href":"https:\/\/nisadesign.hr\/en\/wp-json\/wp\/v2\/comments?post=563"}],"wp:featuredmedia":[{"embeddable":true,"href":"https:\/\/nisadesign.hr\/en\/wp-json\/wp\/v2\/media\/536"}],"wp:attachment":[{"href":"https:\/\/nisadesign.hr\/en\/wp-json\/wp\/v2\/media?parent=563"}],"wp:term":[{"taxonomy":"product_brand","embeddable":true,"href":"https:\/\/nisadesign.hr\/en\/wp-json\/wp\/v2\/product_brand?post=563"},{"taxonomy":"product_cat","embeddable":true,"href":"https:\/\/nisadesign.hr\/en\/wp-json\/wp\/v2\/product_cat?post=563"},{"taxonomy":"product_tag","embeddable":true,"href":"https:\/\/nisadesign.hr\/en\/wp-json\/wp\/v2\/product_tag?post=563"}],"curies":[{"name":"wp","href":"https:\/\/api.w.org\/{rel}","templated":true}]}}