{"id":545,"date":"2018-09-24T20:44:11","date_gmt":"2018-09-24T18:44:11","guid":{"rendered":"https:\/\/nisadesign.hr\/?post_type=product&#038;p=545"},"modified":"2025-08-28T16:35:18","modified_gmt":"2025-08-28T14:35:18","slug":"nausnice-moja-rijeka-5","status":"publish","type":"product","link":"https:\/\/nisadesign.hr\/en\/product\/nausnice-moja-rijeka-5\/","title":{"rendered":"Nau\u0161nice &#8220;Moja Rijeka&#8221; #5"},"content":{"rendered":"<p class=\"p1\"><span class=\"s1\">Dragi Rije\u010dani i ljubitelji grada Rijeke, za vas sam pripremila posebnu liniju rije\u010dkog dizajnerskog nakita. Na nau\u0161nice je aplicirana ilustracija na\u0161e Rijeke koju sam crtala prilikom stvaranja scenografije za predstavu \u201cTrsatski zmaj\u201d. Likovni prikaz na\u0161eg grada odlu\u010dila sam podijeliti s vama. U\u017eivajte u no\u0161enju na\u0161ega grada!<\/span><\/p>\n<p class=\"p1\"><span class=\"s1\">VELI\u010cINA KRUGA: 4 CM<\/span><\/p>\n<p class=\"p1\"><span class=\"s1\">Materijal: pleksiglas i metalne klipse\/iglice<\/span><\/p>\n<p class=\"p2\"><span class=\"s1\">Napomena: Prilikom narud\u017ebe napi\u0161ite \u017eelite li nau\u0161nice na klipse ili iglice.<\/span><\/p>","protected":false},"excerpt":{"rendered":"<p class=\"p1\"><span class=\"s1\">Dragi Rije\u010dani i ljubitelji grada Rijeke, za vas sam pripremila posebnu liniju rije\u010dkog dizajnerskog nakita. Na nau\u0161nice je aplicirana ilustracija na\u0161e Rijeke koju sam crtala prilikom stvaranja scenografije za predstavu \u201cTrsatski zmaj\u201d. Likovni prikaz na\u0161eg grada odlu\u010dila sam podijeliti s vama. U\u017eivajte u no\u0161enju na\u0161ega grada!<\/span><\/p>\n<p class=\"p1\"><span class=\"s1\">VELI\u010cINA KRUGA: 4 CM<\/span><\/p>\n<p class=\"p1\"><span class=\"s1\">Materijal: pleksiglas i metalne klipse\/iglice<\/span><\/p>\n<p class=\"p2\"><span class=\"s1\">Napomena: Prilikom narud\u017ebe napi\u0161ite \u017eelite li nau\u0161nice na klipse ili iglice.<\/span><\/p>","protected":false},"featured_media":513,"comment_status":"open","ping_status":"closed","template":"","meta":[],"product_brand":[],"product_cat":[31,41],"product_tag":[],"class_list":{"0":"post-545","1":"product","2":"type-product","3":"status-publish","4":"has-post-thumbnail","6":"product_cat-moja-rijeka","7":"product_cat-nausnice-moja-rijeka","9":"first","10":"instock","11":"sale","12":"shipping-taxable","13":"purchasable","14":"product-type-simple","15":"wcspt-has-gallery"},"_links":{"self":[{"href":"https:\/\/nisadesign.hr\/en\/wp-json\/wp\/v2\/product\/545","targetHints":{"allow":["GET"]}}],"collection":[{"href":"https:\/\/nisadesign.hr\/en\/wp-json\/wp\/v2\/product"}],"about":[{"href":"https:\/\/nisadesign.hr\/en\/wp-json\/wp\/v2\/types\/product"}],"replies":[{"embeddable":true,"href":"https:\/\/nisadesign.hr\/en\/wp-json\/wp\/v2\/comments?post=545"}],"wp:featuredmedia":[{"embeddable":true,"href":"https:\/\/nisadesign.hr\/en\/wp-json\/wp\/v2\/media\/513"}],"wp:attachment":[{"href":"https:\/\/nisadesign.hr\/en\/wp-json\/wp\/v2\/media?parent=545"}],"wp:term":[{"taxonomy":"product_brand","embeddable":true,"href":"https:\/\/nisadesign.hr\/en\/wp-json\/wp\/v2\/product_brand?post=545"},{"taxonomy":"product_cat","embeddable":true,"href":"https:\/\/nisadesign.hr\/en\/wp-json\/wp\/v2\/product_cat?post=545"},{"taxonomy":"product_tag","embeddable":true,"href":"https:\/\/nisadesign.hr\/en\/wp-json\/wp\/v2\/product_tag?post=545"}],"curies":[{"name":"wp","href":"https:\/\/api.w.org\/{rel}","templated":true}]}}