{"id":452,"date":"2018-09-24T19:36:38","date_gmt":"2018-09-24T17:36:38","guid":{"rendered":"https:\/\/nisadesign.hr\/?post_type=product&#038;p=452"},"modified":"2025-08-28T16:35:18","modified_gmt":"2025-08-28T14:35:18","slug":"prsten-space-shapes-limited-edition-1","status":"publish","type":"product","link":"https:\/\/nisadesign.hr\/en\/product\/prsten-space-shapes-limited-edition-1\/","title":{"rendered":"Prsten &#8220;Space shapes&#8221;  #15"},"content":{"rendered":"<p class=\"p1\"><span class=\"s1\">Ljubitelji neobi\u010dnog nakita, imate priliku imati jedan od 10 jedinstvenih prstena limitirane serije koji predstavljaju satelite, planete ili zvijezda na koje sti\u017ee Mali princ. U\u0111ite u jedan druga\u010diji svijet koji otvara vrata ma\u0161te! Prsten je na\u010dinjen od pleksiglasa na koji je apliciran print na\u0161eg svemirskog oblika, a metalni ring mo\u017ee se posebno prilagoditi veli\u010dini va\u0161eg prsta. Va\u0161 oblik umno\u017eit \u0107e se deset puta i vi\u0161e ne\u0107e biti proizveden, zato vi posjedujete jedinstvenu unikatnu seriju.<\/span><\/p>\n<p class=\"p1\"><span class=\"s1\">VELI\u010cINA KRUGA: 4 CM <\/span><\/p>\n<p class=\"p1\"><span class=\"s1\">Materijal: pleksiglas i metalni ring<\/span><\/p>","protected":false},"excerpt":{"rendered":"<p class=\"p1\"><span class=\"s1\">Ljubitelji neobi\u010dnog nakita, imate priliku imati jedan od 10 jedinstvenih prstena limitirane serije koji predstavljaju satelite, planete ili zvijezda na koje sti\u017ee Mali princ. U\u0111ite u jedan druga\u010diji svijet koji otvara vrata ma\u0161te! Prsten je na\u010dinjen od pleksiglasa na koji je apliciran print na\u0161eg svemirskog oblika, a metalni ring mo\u017ee se posebno prilagoditi veli\u010dini va\u0161eg prsta. Va\u0161 oblik umno\u017eit \u0107e se deset puta i vi\u0161e ne\u0107e biti proizveden, zato vi posjedujete jedinstvenu unikatnu seriju.<\/span><\/p>\n<p class=\"p1\"><span class=\"s1\">VELI\u010cINA KRUGA: 4 CM <\/span><\/p>\n<p class=\"p1\"><span class=\"s1\">Materijal: pleksiglas i metalni ring<\/span><\/p>","protected":false},"featured_media":453,"comment_status":"open","ping_status":"closed","template":"","meta":[],"product_brand":[],"product_cat":[30,24],"product_tag":[],"class_list":{"0":"post-452","1":"product","2":"type-product","3":"status-publish","4":"has-post-thumbnail","6":"product_cat-space-shapes","7":"product_cat-prsteni","9":"first","10":"instock","11":"sale","12":"shipping-taxable","13":"purchasable","14":"product-type-simple","15":"wcspt-has-gallery"},"_links":{"self":[{"href":"https:\/\/nisadesign.hr\/en\/wp-json\/wp\/v2\/product\/452","targetHints":{"allow":["GET"]}}],"collection":[{"href":"https:\/\/nisadesign.hr\/en\/wp-json\/wp\/v2\/product"}],"about":[{"href":"https:\/\/nisadesign.hr\/en\/wp-json\/wp\/v2\/types\/product"}],"replies":[{"embeddable":true,"href":"https:\/\/nisadesign.hr\/en\/wp-json\/wp\/v2\/comments?post=452"}],"wp:featuredmedia":[{"embeddable":true,"href":"https:\/\/nisadesign.hr\/en\/wp-json\/wp\/v2\/media\/453"}],"wp:attachment":[{"href":"https:\/\/nisadesign.hr\/en\/wp-json\/wp\/v2\/media?parent=452"}],"wp:term":[{"taxonomy":"product_brand","embeddable":true,"href":"https:\/\/nisadesign.hr\/en\/wp-json\/wp\/v2\/product_brand?post=452"},{"taxonomy":"product_cat","embeddable":true,"href":"https:\/\/nisadesign.hr\/en\/wp-json\/wp\/v2\/product_cat?post=452"},{"taxonomy":"product_tag","embeddable":true,"href":"https:\/\/nisadesign.hr\/en\/wp-json\/wp\/v2\/product_tag?post=452"}],"curies":[{"name":"wp","href":"https:\/\/api.w.org\/{rel}","templated":true}]}}