{"id":412,"date":"2018-09-24T18:39:58","date_gmt":"2018-09-24T16:39:58","guid":{"rendered":"https:\/\/nisadesign.hr\/?post_type=product&#038;p=412"},"modified":"2025-08-28T16:35:19","modified_gmt":"2025-08-28T14:35:19","slug":"nausnice-space-shapes-2","status":"publish","type":"product","link":"https:\/\/nisadesign.hr\/en\/product\/nausnice-space-shapes-2\/","title":{"rendered":"Nau\u0161nice &#8220;Space shapes&#8221; #2"},"content":{"rendered":"<p class=\"p1\"><span class=\"s1\">Ljubitelji neobi\u010dnog nakita, imate priliku imati jedan od satelita, planeta ili zvijezda na koje sti\u017ee Mali princ. U\u0111ite u jedan druga\u010diji svijet koji otvara vrata ma\u0161te! Nau\u0161nice su na\u010dinjene od pleksiglasa na koji je apliciran print svemirskog oblika, veli\u010dina kruga je 4 cm. Mo\u017eete ih naru\u010diti na klipsu ili iglicu. Ljubitelji nau\u0161nica koji nemaju probu\u0161ene u\u0161i mogu u\u017eivati u na\u0161im proizvodima!<\/span><\/p>\n<p class=\"p1\"><span class=\"s1\">VELI\u010cINA KRUGA: 4 CM<\/span><\/p>\n<p class=\"p1\"><span class=\"s1\">Materijal: pleksiglas i metalne klipse\/iglice<\/span><\/p>\n<p class=\"p1\"><span class=\"s1\">Napomena: Prilikom narud\u017ebe napi\u0161ite \u017eelite li nau\u0161nice na klipse ili iglice.<\/span><\/p>","protected":false},"excerpt":{"rendered":"<p class=\"p1\"><span class=\"s1\">Ljubitelji neobi\u010dnog nakita, imate priliku imati jedan od satelita, planeta ili zvijezda na koje sti\u017ee Mali princ. U\u0111ite u jedan druga\u010diji svijet koji otvara vrata ma\u0161te! Nau\u0161nice su na\u010dinjene od pleksiglasa na koji je apliciran print svemirskog oblika, veli\u010dina kruga je 4 cm. Mo\u017eete ih naru\u010diti na klipsu ili iglicu. Ljubitelji nau\u0161nica koji nemaju probu\u0161ene u\u0161i mogu u\u017eivati u na\u0161im proizvodima!<\/span><\/p>\n<p class=\"p1\"><span class=\"s1\">VELI\u010cINA KRUGA: 4 CM<\/span><\/p>\n<p class=\"p1\"><span class=\"s1\">Materijal: pleksiglas i metalne klipse\/iglice<\/span><\/p>\n<p class=\"p1\"><span class=\"s1\">Napomena: Prilikom narud\u017ebe napi\u0161ite \u017eelite li nau\u0161nice na klipse ili iglice.<\/span><\/p>","protected":false},"featured_media":413,"comment_status":"open","ping_status":"closed","template":"","meta":[],"product_brand":[],"product_cat":[30,32],"product_tag":[],"class_list":{"0":"post-412","1":"product","2":"type-product","3":"status-publish","4":"has-post-thumbnail","6":"product_cat-space-shapes","7":"product_cat-nausnice","9":"first","10":"instock","11":"sale","12":"shipping-taxable","13":"purchasable","14":"product-type-simple","15":"wcspt-has-gallery"},"_links":{"self":[{"href":"https:\/\/nisadesign.hr\/en\/wp-json\/wp\/v2\/product\/412","targetHints":{"allow":["GET"]}}],"collection":[{"href":"https:\/\/nisadesign.hr\/en\/wp-json\/wp\/v2\/product"}],"about":[{"href":"https:\/\/nisadesign.hr\/en\/wp-json\/wp\/v2\/types\/product"}],"replies":[{"embeddable":true,"href":"https:\/\/nisadesign.hr\/en\/wp-json\/wp\/v2\/comments?post=412"}],"wp:featuredmedia":[{"embeddable":true,"href":"https:\/\/nisadesign.hr\/en\/wp-json\/wp\/v2\/media\/413"}],"wp:attachment":[{"href":"https:\/\/nisadesign.hr\/en\/wp-json\/wp\/v2\/media?parent=412"}],"wp:term":[{"taxonomy":"product_brand","embeddable":true,"href":"https:\/\/nisadesign.hr\/en\/wp-json\/wp\/v2\/product_brand?post=412"},{"taxonomy":"product_cat","embeddable":true,"href":"https:\/\/nisadesign.hr\/en\/wp-json\/wp\/v2\/product_cat?post=412"},{"taxonomy":"product_tag","embeddable":true,"href":"https:\/\/nisadesign.hr\/en\/wp-json\/wp\/v2\/product_tag?post=412"}],"curies":[{"name":"wp","href":"https:\/\/api.w.org\/{rel}","templated":true}]}}