{"id":375,"date":"2018-09-24T16:13:39","date_gmt":"2018-09-24T14:13:39","guid":{"rendered":"https:\/\/nisadesign.hr\/?post_type=product&#038;p=375"},"modified":"2025-08-28T16:35:51","modified_gmt":"2025-08-28T14:35:51","slug":"prsten-space-shapes","status":"publish","type":"product","link":"https:\/\/nisadesign.hr\/en\/product\/prsten-space-shapes\/","title":{"rendered":"Prsten &#8220;Space shapes&#8221; #1"},"content":{"rendered":"<p class=\"p1\"><span class=\"s1\">Ljubitelji neobi\u010dnog nakita, imate priliku imati jedan od satelita, planeta ili zvijezda na koje sti\u017ee Mali princ. U\u0111ite u jedan druga\u010diji svijet koji otvara vrata ma\u0161te! Prsten je na\u010dinjen od pleksiglasa na koji je apliciran print na\u0161eg svemirskog oblika, a metalni ring mo\u017ee se posebno prilagoditi veli\u010dini va\u0161eg prsta. <\/span><\/p>\n<p class=\"p1\"><span class=\"s1\">VELI\u010cINA KRUGA:\u00a0 4 CM\u00a0<\/span><\/p>\n<p class=\"p1\"><span class=\"s1\">Materijal: pleksiglas i metalni ring<\/span><\/p>","protected":false},"excerpt":{"rendered":"<p class=\"p1\"><span class=\"s1\">Ljubitelji neobi\u010dnog nakita, imate priliku imati jedan od satelita, planeta ili zvijezda na koje sti\u017ee Mali princ. U\u0111ite u jedan druga\u010diji svijet koji otvara vrata ma\u0161te! Prsten je na\u010dinjen od pleksiglasa na koji je apliciran print na\u0161eg svemirskog oblika, a metalni ring mo\u017ee se posebno prilagoditi veli\u010dini va\u0161eg prsta. <\/span><\/p>\n<p class=\"p1\"><span class=\"s1\">VELI\u010cINA KRUGA:\u00a0 4 CM\u00a0<\/span><\/p>\n<p class=\"p1\"><span class=\"s1\">Materijal: pleksiglas i metalni ring<\/span><\/p>","protected":false},"featured_media":386,"comment_status":"open","ping_status":"closed","template":"","meta":[],"product_brand":[],"product_cat":[30,24],"product_tag":[],"class_list":{"0":"post-375","1":"product","2":"type-product","3":"status-publish","4":"has-post-thumbnail","6":"product_cat-space-shapes","7":"product_cat-prsteni","9":"first","10":"instock","11":"sale","12":"shipping-taxable","13":"purchasable","14":"product-type-simple","15":"wcspt-has-gallery"},"_links":{"self":[{"href":"https:\/\/nisadesign.hr\/en\/wp-json\/wp\/v2\/product\/375","targetHints":{"allow":["GET"]}}],"collection":[{"href":"https:\/\/nisadesign.hr\/en\/wp-json\/wp\/v2\/product"}],"about":[{"href":"https:\/\/nisadesign.hr\/en\/wp-json\/wp\/v2\/types\/product"}],"replies":[{"embeddable":true,"href":"https:\/\/nisadesign.hr\/en\/wp-json\/wp\/v2\/comments?post=375"}],"wp:featuredmedia":[{"embeddable":true,"href":"https:\/\/nisadesign.hr\/en\/wp-json\/wp\/v2\/media\/386"}],"wp:attachment":[{"href":"https:\/\/nisadesign.hr\/en\/wp-json\/wp\/v2\/media?parent=375"}],"wp:term":[{"taxonomy":"product_brand","embeddable":true,"href":"https:\/\/nisadesign.hr\/en\/wp-json\/wp\/v2\/product_brand?post=375"},{"taxonomy":"product_cat","embeddable":true,"href":"https:\/\/nisadesign.hr\/en\/wp-json\/wp\/v2\/product_cat?post=375"},{"taxonomy":"product_tag","embeddable":true,"href":"https:\/\/nisadesign.hr\/en\/wp-json\/wp\/v2\/product_tag?post=375"}],"curies":[{"name":"wp","href":"https:\/\/api.w.org\/{rel}","templated":true}]}}