{"id":352,"date":"2018-09-24T15:57:58","date_gmt":"2018-09-24T13:57:58","guid":{"rendered":"https:\/\/nisadesign.hr\/?post_type=product&#038;p=352"},"modified":"2025-07-15T13:04:33","modified_gmt":"2025-07-15T11:04:33","slug":"ogrlica-space-shapes-1","status":"publish","type":"product","link":"https:\/\/nisadesign.hr\/en\/product\/ogrlica-space-shapes-1\/","title":{"rendered":"Ogrlica &#8220;Space shapes&#8221;  #14"},"content":{"rendered":"<p class=\"p1\"><span class=\"s1\">Ljubitelji neobi\u010dnog nakita, imate priliku imati jednu od 10 jedinstvenih ogrlica limitirane serije koje predstavljaju satelite, planete ili zvijezde na koji sti\u017ee Mali princ. <\/span><\/p>\n<p class=\"p1\"><span class=\"s1\"> U\u0111ite u jedan druga\u010diji svijet koji otvara vrata ma\u0161te! Ogrlica je na\u010dinjena od pleksiglasa na koji je apliciran print na\u0161eg svemirskog oblika, \u017eica je od metala i mo\u017ee se posebno prilagoditi veli\u010dina prema va\u0161oj \u017eelji.<span class=\"Apple-converted-space\">\u00a0<\/span><\/span><\/p>\n<p class=\"p1\"><span class=\"s1\">VELI\u010cINA PRIVJESKA: 5 CM\u00a0<\/span><\/p>\n<p class=\"p1\"><span class=\"s1\">Materijal: pleksiglas i metalna \u017eica<\/span><\/p>","protected":false},"excerpt":{"rendered":"<p class=\"p1\"><span class=\"s1\">Ljubitelji neobi\u010dnog nakita, imate priliku imati jednu od 10 jedinstvenih ogrlica limitirane serije koje predstavljaju satelite, planete ili zvijezde na koji sti\u017ee Mali princ. <\/span><\/p>\n<p class=\"p1\"><span class=\"s1\"> U\u0111ite u jedan druga\u010diji svijet koji otvara vrata ma\u0161te! Ogrlica je na\u010dinjena od pleksiglasa na koji je apliciran print na\u0161eg svemirskog oblika, \u017eica je od metala i mo\u017ee se posebno prilagoditi veli\u010dina prema va\u0161oj \u017eelji. <\/span><\/p>\n<p class=\"p1\"><span class=\"s1\">VELI\u010cINA PRIVJESKA: 5 CM\u00a0<\/span><\/p>\n<p class=\"p1\"><span class=\"s1\">Materijal: pleksiglas i metalna \u017eica<\/span><\/p>","protected":false},"featured_media":390,"comment_status":"open","ping_status":"closed","template":"","meta":[],"product_brand":[],"product_cat":[30,25],"product_tag":[74,65,51,46,53,52,78,37,63,35,64],"class_list":{"0":"post-352","1":"product","2":"type-product","3":"status-publish","4":"has-post-thumbnail","6":"product_cat-space-shapes","7":"product_cat-ogrlice","8":"product_tag-croatian-design","9":"product_tag-mali-princ-nakit","10":"product_tag-nakit","11":"product_tag-nisa-design","12":"product_tag-nisa-design-rijeka","13":"product_tag-nisa-hrvatin-petrovic","14":"product_tag-nisadesign","15":"product_tag-ogrlica","16":"product_tag-rijecki-dizajneri","17":"product_tag-space-shapes","18":"product_tag-svemirski-nakit","20":"first","21":"outofstock","22":"sale","23":"shipping-taxable","24":"purchasable","25":"product-type-simple","26":"wcspt-has-gallery"},"_links":{"self":[{"href":"https:\/\/nisadesign.hr\/en\/wp-json\/wp\/v2\/product\/352","targetHints":{"allow":["GET"]}}],"collection":[{"href":"https:\/\/nisadesign.hr\/en\/wp-json\/wp\/v2\/product"}],"about":[{"href":"https:\/\/nisadesign.hr\/en\/wp-json\/wp\/v2\/types\/product"}],"replies":[{"embeddable":true,"href":"https:\/\/nisadesign.hr\/en\/wp-json\/wp\/v2\/comments?post=352"}],"wp:featuredmedia":[{"embeddable":true,"href":"https:\/\/nisadesign.hr\/en\/wp-json\/wp\/v2\/media\/390"}],"wp:attachment":[{"href":"https:\/\/nisadesign.hr\/en\/wp-json\/wp\/v2\/media?parent=352"}],"wp:term":[{"taxonomy":"product_brand","embeddable":true,"href":"https:\/\/nisadesign.hr\/en\/wp-json\/wp\/v2\/product_brand?post=352"},{"taxonomy":"product_cat","embeddable":true,"href":"https:\/\/nisadesign.hr\/en\/wp-json\/wp\/v2\/product_cat?post=352"},{"taxonomy":"product_tag","embeddable":true,"href":"https:\/\/nisadesign.hr\/en\/wp-json\/wp\/v2\/product_tag?post=352"}],"curies":[{"name":"wp","href":"https:\/\/api.w.org\/{rel}","templated":true}]}}