{"id":1745,"date":"2024-06-06T21:20:06","date_gmt":"2024-06-06T19:20:06","guid":{"rendered":"https:\/\/nisadesign.hr\/?post_type=product&#038;p=1745"},"modified":"2025-08-28T16:32:17","modified_gmt":"2025-08-28T14:32:17","slug":"ogrlica-flame","status":"publish","type":"product","link":"https:\/\/nisadesign.hr\/en\/product\/ogrlica-flame\/","title":{"rendered":"Ogrlica FLAME"},"content":{"rendered":"<p class=\"p1\"><span class=\"s1\">Ljubitelji neobi\u010dnog nakita, imate priliku imati jedan od satelita, planeta ili zvijezda na koje sti\u017ee Mali princ. U\u0111ite u jedan druga\u010diji svijet koji otvara vrata ma\u0161te! Ogrlica je na\u010dinjena od pleksiglasa na koji je apliciran print na\u0161eg svemirskog oblika, \u017eica je od metala i mo\u017ee se posebno prilagoditi veli\u010dina prema va\u0161oj \u017eelji.\u00a0<\/span><\/p>\n<p class=\"p1\"><span class=\"s1\">VELI\u010cINA PRIVJESKA: 5 CM <\/span><\/p>\n<p class=\"p1\"><span class=\"s1\">Materijal: pleksiglas i metalna \u017eica<\/span><\/p>","protected":false},"excerpt":{"rendered":"<p class=\"p1\"><span class=\"s1\">Ljubitelji neobi\u010dnog nakita, imate priliku imati jedan od satelita, planeta ili zvijezda na koje sti\u017ee Mali princ. U\u0111ite u jedan druga\u010diji svijet koji otvara vrata ma\u0161te! Ogrlica je na\u010dinjena od pleksiglasa na koji je apliciran print na\u0161eg svemirskog oblika, \u017eica je od metala i mo\u017ee se posebno prilagoditi veli\u010dina prema va\u0161oj \u017eelji.\u00a0<\/span><\/p>\n<p class=\"p1\"><span class=\"s1\">VELI\u010cINA PRIVJESKA: 5 CM<\/span><\/p>\n<p class=\"p1\"><span class=\"s1\">Materijal: pleksiglas i metalna \u017eica<\/span><\/p>","protected":false},"featured_media":1739,"comment_status":"open","ping_status":"closed","template":"","meta":[],"product_brand":[],"product_cat":[30,25],"product_tag":[],"class_list":{"0":"post-1745","1":"product","2":"type-product","3":"status-publish","4":"has-post-thumbnail","6":"product_cat-space-shapes","7":"product_cat-ogrlice","9":"first","10":"instock","11":"sale","12":"shipping-taxable","13":"purchasable","14":"product-type-simple","15":"wcspt-has-gallery"},"_links":{"self":[{"href":"https:\/\/nisadesign.hr\/en\/wp-json\/wp\/v2\/product\/1745","targetHints":{"allow":["GET"]}}],"collection":[{"href":"https:\/\/nisadesign.hr\/en\/wp-json\/wp\/v2\/product"}],"about":[{"href":"https:\/\/nisadesign.hr\/en\/wp-json\/wp\/v2\/types\/product"}],"replies":[{"embeddable":true,"href":"https:\/\/nisadesign.hr\/en\/wp-json\/wp\/v2\/comments?post=1745"}],"wp:featuredmedia":[{"embeddable":true,"href":"https:\/\/nisadesign.hr\/en\/wp-json\/wp\/v2\/media\/1739"}],"wp:attachment":[{"href":"https:\/\/nisadesign.hr\/en\/wp-json\/wp\/v2\/media?parent=1745"}],"wp:term":[{"taxonomy":"product_brand","embeddable":true,"href":"https:\/\/nisadesign.hr\/en\/wp-json\/wp\/v2\/product_brand?post=1745"},{"taxonomy":"product_cat","embeddable":true,"href":"https:\/\/nisadesign.hr\/en\/wp-json\/wp\/v2\/product_cat?post=1745"},{"taxonomy":"product_tag","embeddable":true,"href":"https:\/\/nisadesign.hr\/en\/wp-json\/wp\/v2\/product_tag?post=1745"}],"curies":[{"name":"wp","href":"https:\/\/api.w.org\/{rel}","templated":true}]}}