{"id":1647,"date":"2024-06-03T18:02:35","date_gmt":"2024-06-03T16:02:35","guid":{"rendered":"https:\/\/nisadesign.hr\/?post_type=product&#038;p=1647"},"modified":"2025-08-28T16:32:17","modified_gmt":"2025-08-28T14:32:17","slug":"nausnice-uzorci-male-4","status":"publish","type":"product","link":"https:\/\/nisadesign.hr\/en\/product\/nausnice-uzorci-male-4\/","title":{"rendered":"Nau\u0161nice DOTI"},"content":{"rendered":"<p class=\"p1\"><span class=\"s1\">Linija Uzorci vodi nas u svijet repeticije, ali i biljnog svijeta prepunog boja. Naglasak je na unikatnoj izradi, po\u0161to svaki primjerak nakita izra\u0111uje se iz jednog djela ve\u0107eg uzorka pa je tako nemogu\u0107e dobiti identi\u010dan primjerak kao s fotografije, no pribli\u017eno sli\u010dan.<\/span><\/p>\n<p>UNIKATNA IZRADA- svaki primjerak ima male odmake*<\/p>\n<p class=\"p1\"><span class=\"s1\">VELI\u010cINA KVADRATA: 2 CM<\/span><\/p>\n<p class=\"p1\"><span class=\"s1\">Materijal: pleksiglas i iglice (mogu\u0107nost: KLIPSE! NAGLASITI U OPISU)<\/span><\/p>","protected":false},"excerpt":{"rendered":"<p class=\"p1\"><span class=\"s1\">Linija Uzorci vodi nas u svijet repeticije, ali i biljnog svijeta prepunog boja. Naglasak je na unikatnoj izradi, po\u0161to svaki primjerak nakita izra\u0111uje se iz jednog djela ve\u0107eg uzorka pa je tako nemogu\u0107e dobiti identi\u010dan primjerak kao s fotografije, no pribli\u017eno sli\u010dan.<\/span><\/p>\n<p>UNIKATNA IZRADA- svaki primjerak ima male odmake*<\/p>\n<p class=\"p1\"><span class=\"s1\">VELI\u010cINA KVADRATA: 2 CM<\/span><\/p>\n<p class=\"p1\"><span class=\"s1\">Materijal: pleksiglas i iglice (mogu\u0107nost: KLIPSE! NAGLASITI U OPISU)<\/span><\/p>","protected":false},"featured_media":1657,"comment_status":"open","ping_status":"closed","template":"","meta":[],"product_brand":[],"product_cat":[108,105],"product_tag":[59,65,51,46,57,67,53,52,58,60,63,68,35],"class_list":{"0":"post-1647","1":"product","2":"type-product","3":"status-publish","4":"has-post-thumbnail","6":"product_cat-nausnice-uzorci","7":"product_cat-uzorci","8":"product_tag-hrvatski-dizajn","9":"product_tag-mali-princ-nakit","10":"product_tag-nakit","11":"product_tag-nisa-design","12":"product_tag-nisa-design-prsten","13":"product_tag-nisa-design-prsteni","14":"product_tag-nisa-design-rijeka","15":"product_tag-nisa-hrvatin-petrovic","16":"product_tag-prsten-nisa","17":"product_tag-rijecki-dizajn","18":"product_tag-rijecki-dizajneri","19":"product_tag-rijecki-prsteni","20":"product_tag-space-shapes","22":"first","23":"instock","24":"sale","25":"shipping-taxable","26":"purchasable","27":"product-type-simple","28":"wcspt-has-gallery"},"_links":{"self":[{"href":"https:\/\/nisadesign.hr\/en\/wp-json\/wp\/v2\/product\/1647","targetHints":{"allow":["GET"]}}],"collection":[{"href":"https:\/\/nisadesign.hr\/en\/wp-json\/wp\/v2\/product"}],"about":[{"href":"https:\/\/nisadesign.hr\/en\/wp-json\/wp\/v2\/types\/product"}],"replies":[{"embeddable":true,"href":"https:\/\/nisadesign.hr\/en\/wp-json\/wp\/v2\/comments?post=1647"}],"wp:featuredmedia":[{"embeddable":true,"href":"https:\/\/nisadesign.hr\/en\/wp-json\/wp\/v2\/media\/1657"}],"wp:attachment":[{"href":"https:\/\/nisadesign.hr\/en\/wp-json\/wp\/v2\/media?parent=1647"}],"wp:term":[{"taxonomy":"product_brand","embeddable":true,"href":"https:\/\/nisadesign.hr\/en\/wp-json\/wp\/v2\/product_brand?post=1647"},{"taxonomy":"product_cat","embeddable":true,"href":"https:\/\/nisadesign.hr\/en\/wp-json\/wp\/v2\/product_cat?post=1647"},{"taxonomy":"product_tag","embeddable":true,"href":"https:\/\/nisadesign.hr\/en\/wp-json\/wp\/v2\/product_tag?post=1647"}],"curies":[{"name":"wp","href":"https:\/\/api.w.org\/{rel}","templated":true}]}}