{"id":1518,"date":"2022-09-12T14:05:58","date_gmt":"2022-09-12T12:05:58","guid":{"rendered":"https:\/\/nisadesign.hr\/?post_type=product&#038;p=1518"},"modified":"2025-08-28T16:32:18","modified_gmt":"2025-08-28T14:32:18","slug":"unikatni-prsten-3","status":"publish","type":"product","link":"https:\/\/nisadesign.hr\/en\/product\/unikatni-prsten-3\/","title":{"rendered":"Unikatni prsten LJUPKA"},"content":{"rendered":"<p class=\"p1\">Unikatni prsten posebna je linija proizvoda izra\u0111ena isklju\u010divo u jednom primjerku, va\u0161 prsten ne mo\u017ee se duplicirati ve\u0107 je u potpunosti unikatne izrade. Svaki primjerak je jedinstven i izra\u0111en isklju\u010divo za vas, za razliku od na\u0161ih ostalih linija koje se mogu umno\u017eiti.<\/p>\n<p class=\"p1\">Prsten je izra\u0111en od pleksiglasa na koji je aplicirana naljepnica, veli\u010dina kvadrata je 3 cm.<\/p>\n<p class=\"p1\"><span class=\"s1\">Materijal: pleksiglas i ring ( nehr\u0111aju\u0107i \u010delik)<\/span><\/p>","protected":false},"excerpt":{"rendered":"<p class=\"p1\">Unikatni prsten posebna je linija proizvoda izra\u0111ena isklju\u010divo u jednom primjerku, va\u0161 prsten ne mo\u017ee se duplicirati ve\u0107 je u potpunosti unikatne izrade. Svaki primjerak je jedinstven i izra\u0111en isklju\u010divo za vas, za razliku od na\u0161ih ostalih linija koje se mogu umno\u017eiti.<\/p>\n<p class=\"p1\">Prsten je izra\u0111en od pleksiglasa na koji je aplicirana naljepnica, veli\u010dina kvadrata je 3 cm.<\/p>\n<p class=\"p1\"><span class=\"s1\">Materijal: pleksiglas i ring ( nehr\u0111aju\u0107i \u010delik)<\/span><\/p>","protected":false},"featured_media":1485,"comment_status":"open","ping_status":"closed","template":"","meta":[],"product_brand":[],"product_cat":[30,24],"product_tag":[59,65,51,46,57,67,53,52,154,77,75,60,63,68,35],"class_list":{"0":"post-1518","1":"product","2":"type-product","3":"status-publish","4":"has-post-thumbnail","6":"product_cat-space-shapes","7":"product_cat-prsteni","8":"product_tag-hrvatski-dizajn","9":"product_tag-mali-princ-nakit","10":"product_tag-nakit","11":"product_tag-nisa-design","12":"product_tag-nisa-design-prsten","13":"product_tag-nisa-design-prsteni","14":"product_tag-nisa-design-rijeka","15":"product_tag-nisa-hrvatin-petrovic","16":"product_tag-pleksiglas","17":"product_tag-plexiglass","18":"product_tag-prsten","19":"product_tag-rijecki-dizajn","20":"product_tag-rijecki-dizajneri","21":"product_tag-rijecki-prsteni","22":"product_tag-space-shapes","24":"first","25":"instock","26":"sale","27":"shipping-taxable","28":"purchasable","29":"product-type-simple","30":"wcspt-has-gallery"},"_links":{"self":[{"href":"https:\/\/nisadesign.hr\/en\/wp-json\/wp\/v2\/product\/1518","targetHints":{"allow":["GET"]}}],"collection":[{"href":"https:\/\/nisadesign.hr\/en\/wp-json\/wp\/v2\/product"}],"about":[{"href":"https:\/\/nisadesign.hr\/en\/wp-json\/wp\/v2\/types\/product"}],"replies":[{"embeddable":true,"href":"https:\/\/nisadesign.hr\/en\/wp-json\/wp\/v2\/comments?post=1518"}],"wp:featuredmedia":[{"embeddable":true,"href":"https:\/\/nisadesign.hr\/en\/wp-json\/wp\/v2\/media\/1485"}],"wp:attachment":[{"href":"https:\/\/nisadesign.hr\/en\/wp-json\/wp\/v2\/media?parent=1518"}],"wp:term":[{"taxonomy":"product_brand","embeddable":true,"href":"https:\/\/nisadesign.hr\/en\/wp-json\/wp\/v2\/product_brand?post=1518"},{"taxonomy":"product_cat","embeddable":true,"href":"https:\/\/nisadesign.hr\/en\/wp-json\/wp\/v2\/product_cat?post=1518"},{"taxonomy":"product_tag","embeddable":true,"href":"https:\/\/nisadesign.hr\/en\/wp-json\/wp\/v2\/product_tag?post=1518"}],"curies":[{"name":"wp","href":"https:\/\/api.w.org\/{rel}","templated":true}]}}