{"id":1473,"date":"2022-09-12T13:25:28","date_gmt":"2022-09-12T11:25:28","guid":{"rendered":"https:\/\/nisadesign.hr\/?post_type=product&#038;p=1473"},"modified":"2025-08-28T16:32:19","modified_gmt":"2025-08-28T14:32:19","slug":"unikatne-nausnice-1","status":"publish","type":"product","link":"https:\/\/nisadesign.hr\/en\/product\/unikatne-nausnice-1\/","title":{"rendered":"Unikatne nau\u0161nice MORI"},"content":{"rendered":"<p class=\"p1\">Unikatne nau\u0161nice posebna je linija proizvoda izra\u0111ena isklju\u010divo u jednom primjerku, va\u0161e nau\u0161nice ne mogu se duplicirati ve\u0107 su u potpunosti unikatne izrade. Svaki primjerak je jedinstven i izra\u0111en isklju\u010divo za vas, za razliku od na\u0161ih ostalih linija koje se mogu umno\u017eiti.<\/p>\n<p class=\"p1\">Nau\u0161nice su izra\u0111ene od pleksiglasa na koji je aplicirana naljepnica, veli\u010dina kvadrata je 3 cm.<\/p>\n<p class=\"p1\"><span class=\"s1\">Materijal: pleksiglas i iglice ( nehr\u0111aju\u0107i \u010delik)<\/span><\/p>","protected":false},"excerpt":{"rendered":"<p class=\"p1\">Unikatne nau\u0161nice posebna je linija proizvoda izra\u0111ena isklju\u010divo u jednom primjerku, va\u0161e nau\u0161nice ne mogu se duplicirati ve\u0107 su u potpunosti unikatne izrade. Svaki primjerak je jedinstven i izra\u0111en isklju\u010divo za vas, za razliku od na\u0161ih ostalih linija koje se mogu umno\u017eiti.<\/p>\n<p class=\"p1\">Nau\u0161nice su izra\u0111ene od pleksiglasa na koji je aplicirana naljepnica, veli\u010dina kvadrata je 3 cm.<\/p>\n<p class=\"p1\"><span class=\"s1\">Materijal: pleksiglas i iglice ( nehr\u0111aju\u0107i \u010delik)<\/span><\/p>","protected":false},"featured_media":1502,"comment_status":"open","ping_status":"closed","template":"","meta":[],"product_brand":[],"product_cat":[30,32],"product_tag":[59,65,51,87,155,46,57,67,53,52,154,77,60,63,68,35],"class_list":{"0":"post-1473","1":"product","2":"type-product","3":"status-publish","4":"has-post-thumbnail","6":"product_cat-space-shapes","7":"product_cat-nausnice","8":"product_tag-hrvatski-dizajn","9":"product_tag-mali-princ-nakit","10":"product_tag-nakit","11":"product_tag-nausnice","12":"product_tag-nausnice-pleksi","13":"product_tag-nisa-design","14":"product_tag-nisa-design-prsten","15":"product_tag-nisa-design-prsteni","16":"product_tag-nisa-design-rijeka","17":"product_tag-nisa-hrvatin-petrovic","18":"product_tag-pleksiglas","19":"product_tag-plexiglass","20":"product_tag-rijecki-dizajn","21":"product_tag-rijecki-dizajneri","22":"product_tag-rijecki-prsteni","23":"product_tag-space-shapes","25":"first","26":"instock","27":"sale","28":"shipping-taxable","29":"purchasable","30":"product-type-simple","31":"wcspt-has-gallery"},"_links":{"self":[{"href":"https:\/\/nisadesign.hr\/en\/wp-json\/wp\/v2\/product\/1473","targetHints":{"allow":["GET"]}}],"collection":[{"href":"https:\/\/nisadesign.hr\/en\/wp-json\/wp\/v2\/product"}],"about":[{"href":"https:\/\/nisadesign.hr\/en\/wp-json\/wp\/v2\/types\/product"}],"replies":[{"embeddable":true,"href":"https:\/\/nisadesign.hr\/en\/wp-json\/wp\/v2\/comments?post=1473"}],"wp:featuredmedia":[{"embeddable":true,"href":"https:\/\/nisadesign.hr\/en\/wp-json\/wp\/v2\/media\/1502"}],"wp:attachment":[{"href":"https:\/\/nisadesign.hr\/en\/wp-json\/wp\/v2\/media?parent=1473"}],"wp:term":[{"taxonomy":"product_brand","embeddable":true,"href":"https:\/\/nisadesign.hr\/en\/wp-json\/wp\/v2\/product_brand?post=1473"},{"taxonomy":"product_cat","embeddable":true,"href":"https:\/\/nisadesign.hr\/en\/wp-json\/wp\/v2\/product_cat?post=1473"},{"taxonomy":"product_tag","embeddable":true,"href":"https:\/\/nisadesign.hr\/en\/wp-json\/wp\/v2\/product_tag?post=1473"}],"curies":[{"name":"wp","href":"https:\/\/api.w.org\/{rel}","templated":true}]}}