{"id":1275,"date":"2021-11-10T17:32:52","date_gmt":"2021-11-10T16:32:52","guid":{"rendered":"https:\/\/nisadesign.hr\/?post_type=product&#038;p=1275"},"modified":"2025-08-28T16:32:19","modified_gmt":"2025-08-28T14:32:19","slug":"1275","status":"publish","type":"product","link":"https:\/\/nisadesign.hr\/en\/product\/1275\/","title":{"rendered":"Poklon bon od 50,00 EU"},"content":{"rendered":"<p>\u017delite pokloniti na\u0161e proizvode dragoj osobi, mo\u017eete uzeti na\u0161e poklon bonove i nekome uljep\u0161ati dan. Poklon bonovi su idealni ako niste sigurni \u0161to bi neka osoba odabrala, a mogu se poklonjati u svim prigodama. Poklon bon dostavljamo na va\u0161u adresu ili na adresu kome \u017eelite pokloniti bon. Nema roka trajanja poklon bona, bitno je da se osoba javi osobno nama i dogovori svoj poklon. Poklon bon aktivan je u godini u kojoj se izdaje.<\/p>","protected":false},"excerpt":{"rendered":"<p>\u017delite pokloniti na\u0161e proizvode dragoj osobi, mo\u017eete uzeti na\u0161e poklon bonove i nekome uljep\u0161ati dan. Poklon bonovi su idealni ako niste sigurni \u0161to bi neka osoba odabrala, a mogu se poklonjati u svim prigodama. Poklon bon dostavljamo na va\u0161u adresu ili na adresu kome \u017eelite pokloniti bon. Nema roka trajanja poklon bona, bitno je da se osoba javi osobno nama i dogovori svoj poklon. Poklon bon aktivan je u godini u kojoj se izdaje.<\/p>","protected":false},"featured_media":1276,"comment_status":"open","ping_status":"closed","template":"","meta":[],"product_brand":[],"product_cat":[120],"product_tag":[],"class_list":{"0":"post-1275","1":"product","2":"type-product","3":"status-publish","4":"has-post-thumbnail","6":"product_cat-poklon-bon","8":"first","9":"instock","10":"shipping-taxable","11":"purchasable","12":"product-type-simple"},"_links":{"self":[{"href":"https:\/\/nisadesign.hr\/en\/wp-json\/wp\/v2\/product\/1275","targetHints":{"allow":["GET"]}}],"collection":[{"href":"https:\/\/nisadesign.hr\/en\/wp-json\/wp\/v2\/product"}],"about":[{"href":"https:\/\/nisadesign.hr\/en\/wp-json\/wp\/v2\/types\/product"}],"replies":[{"embeddable":true,"href":"https:\/\/nisadesign.hr\/en\/wp-json\/wp\/v2\/comments?post=1275"}],"wp:featuredmedia":[{"embeddable":true,"href":"https:\/\/nisadesign.hr\/en\/wp-json\/wp\/v2\/media\/1276"}],"wp:attachment":[{"href":"https:\/\/nisadesign.hr\/en\/wp-json\/wp\/v2\/media?parent=1275"}],"wp:term":[{"taxonomy":"product_brand","embeddable":true,"href":"https:\/\/nisadesign.hr\/en\/wp-json\/wp\/v2\/product_brand?post=1275"},{"taxonomy":"product_cat","embeddable":true,"href":"https:\/\/nisadesign.hr\/en\/wp-json\/wp\/v2\/product_cat?post=1275"},{"taxonomy":"product_tag","embeddable":true,"href":"https:\/\/nisadesign.hr\/en\/wp-json\/wp\/v2\/product_tag?post=1275"}],"curies":[{"name":"wp","href":"https:\/\/api.w.org\/{rel}","templated":true}]}}