{"id":1212,"date":"2021-09-09T15:40:26","date_gmt":"2021-09-09T13:40:26","guid":{"rendered":"https:\/\/nisadesign.hr\/?post_type=product&#038;p=1212"},"modified":"2025-08-28T16:33:02","modified_gmt":"2025-08-28T14:33:02","slug":"ogrlica-space-shapes-13","status":"publish","type":"product","link":"https:\/\/nisadesign.hr\/en\/product\/ogrlica-space-shapes-13\/","title":{"rendered":"Ogrlica VATRA"},"content":{"rendered":"<p class=\"p1\"><span class=\"s1\">Ljubitelji neobi\u010dnog nakita, imate priliku imati jedan od satelita, planeta ili zvijezda na koje sti\u017ee Mali princ. U\u0111ite u jedan druga\u010diji svijet koji otvara vrata ma\u0161te! Ogrlica je na\u010dinjena od pleksiglasa na koji je apliciran print na\u0161eg svemirskog oblika, \u017eica je od metala i mo\u017ee se posebno prilagoditi veli\u010dina prema va\u0161oj \u017eelji.\u00a0<\/span><\/p>\n<p class=\"p1\"><span class=\"s1\">VELI\u010cINA PRIVJESKA: 10 CM <\/span><\/p>\n<p class=\"p1\"><span class=\"s1\">Materijal: pleksiglas i metalna \u017eica<\/span><\/p>","protected":false},"excerpt":{"rendered":"<p class=\"p1\"><span class=\"s1\">Ljubitelji neobi\u010dnog nakita, imate priliku imati jedan od satelita, planeta ili zvijezda na koje sti\u017ee Mali princ. U\u0111ite u jedan druga\u010diji svijet koji otvara vrata ma\u0161te! Ogrlica je na\u010dinjena od pleksiglasa na koji je apliciran print na\u0161eg svemirskog oblika, \u017eica je od metala i mo\u017ee se posebno prilagoditi veli\u010dina prema va\u0161oj \u017eelji.\u00a0<\/span><\/p>\n<p class=\"p1\"><span class=\"s1\">VELI\u010cINA PRIVJESKA: 10 CM<\/span><\/p>\n<p class=\"p1\"><span class=\"s1\">Materijal: pleksiglas i metalna \u017eica<\/span><\/p>","protected":false},"featured_media":1213,"comment_status":"open","ping_status":"closed","template":"","meta":[],"product_brand":[],"product_cat":[30,25],"product_tag":[],"class_list":{"0":"post-1212","1":"product","2":"type-product","3":"status-publish","4":"has-post-thumbnail","6":"product_cat-space-shapes","7":"product_cat-ogrlice","9":"first","10":"instock","11":"sale","12":"shipping-taxable","13":"purchasable","14":"product-type-simple","15":"wcspt-has-gallery"},"_links":{"self":[{"href":"https:\/\/nisadesign.hr\/en\/wp-json\/wp\/v2\/product\/1212","targetHints":{"allow":["GET"]}}],"collection":[{"href":"https:\/\/nisadesign.hr\/en\/wp-json\/wp\/v2\/product"}],"about":[{"href":"https:\/\/nisadesign.hr\/en\/wp-json\/wp\/v2\/types\/product"}],"replies":[{"embeddable":true,"href":"https:\/\/nisadesign.hr\/en\/wp-json\/wp\/v2\/comments?post=1212"}],"wp:featuredmedia":[{"embeddable":true,"href":"https:\/\/nisadesign.hr\/en\/wp-json\/wp\/v2\/media\/1213"}],"wp:attachment":[{"href":"https:\/\/nisadesign.hr\/en\/wp-json\/wp\/v2\/media?parent=1212"}],"wp:term":[{"taxonomy":"product_brand","embeddable":true,"href":"https:\/\/nisadesign.hr\/en\/wp-json\/wp\/v2\/product_brand?post=1212"},{"taxonomy":"product_cat","embeddable":true,"href":"https:\/\/nisadesign.hr\/en\/wp-json\/wp\/v2\/product_cat?post=1212"},{"taxonomy":"product_tag","embeddable":true,"href":"https:\/\/nisadesign.hr\/en\/wp-json\/wp\/v2\/product_tag?post=1212"}],"curies":[{"name":"wp","href":"https:\/\/api.w.org\/{rel}","templated":true}]}}