{"id":1076,"date":"2021-05-14T13:55:30","date_gmt":"2021-05-14T11:55:30","guid":{"rendered":"https:\/\/nisadesign.hr\/?post_type=product&#038;p=1076"},"modified":"2025-08-28T16:33:03","modified_gmt":"2025-08-28T14:33:03","slug":"ogrlica-zagreb-2","status":"publish","type":"product","link":"https:\/\/nisadesign.hr\/en\/product\/ogrlica-zagreb-2\/","title":{"rendered":"Ogrlica &#8220;Zagreb&#8221; #2"},"content":{"rendered":"<p class=\"p1\"><span class=\"s1\">Dragi Zagrep\u010dani i ljubitelji grada Zagreba, za vas sam pripremila posebnu liniju dizajnerskog nakita. Na ogrlici je aplicirana ilustracija Zagreba koju sam crtala prilikom stvaranja linije \u201cGradovi\u201d. Likovni prikaz grada odlu\u010dila sam podijeliti s vama. U\u017eivajte u no\u0161enju svojeg grada!<\/span><\/p>\n<p class=\"p1\"><span class=\"s1\">VELI\u010cINA KRUGA: 7 CM<\/span><\/p>\n<p class=\"p1\"><span class=\"s1\">Materijal: pleksiglas i \u017eica<\/span><\/p>\n<p>&nbsp;<\/p>","protected":false},"excerpt":{"rendered":"<p class=\"p1\"><span class=\"s1\">Dragi Zagrep\u010dani i ljubitelji grada Zagreba, za vas sam pripremila posebnu liniju dizajnerskog nakita. Na ogrlici je aplicirana ilustracija Zagreba koju sam crtala prilikom stvaranja linije \u201cGradovi\u201d. Likovni prikaz grada odlu\u010dila sam podijeliti s vama. U\u017eivajte u no\u0161enju svojeg grada!<\/span><\/p>\n<p class=\"p1\"><span class=\"s1\">VELI\u010cINA KRUGA: 7 CM<\/span><\/p>\n<p class=\"p1\"><span class=\"s1\">Materijal: pleksiglas i \u017eica<\/span><\/p>\n<p>&nbsp;<\/p>","protected":false},"featured_media":1077,"comment_status":"open","ping_status":"closed","template":"","meta":[],"product_brand":[],"product_cat":[112],"product_tag":[59,62,51,46,57,53,52,58,60,63,116,114,117],"class_list":{"0":"post-1076","1":"product","2":"type-product","3":"status-publish","4":"has-post-thumbnail","6":"product_cat-zagreb","7":"product_tag-hrvatski-dizajn","8":"product_tag-limited-edition-prsteni","9":"product_tag-nakit","10":"product_tag-nisa-design","11":"product_tag-nisa-design-prsten","12":"product_tag-nisa-design-rijeka","13":"product_tag-nisa-hrvatin-petrovic","14":"product_tag-prsten-nisa","15":"product_tag-rijecki-dizajn","16":"product_tag-rijecki-dizajneri","17":"product_tag-suvenir-zagreb","18":"product_tag-zagreb","19":"product_tag-zagrebacke-nausnice","21":"first","22":"instock","23":"sale","24":"shipping-taxable","25":"purchasable","26":"product-type-simple","27":"wcspt-has-gallery"},"_links":{"self":[{"href":"https:\/\/nisadesign.hr\/en\/wp-json\/wp\/v2\/product\/1076","targetHints":{"allow":["GET"]}}],"collection":[{"href":"https:\/\/nisadesign.hr\/en\/wp-json\/wp\/v2\/product"}],"about":[{"href":"https:\/\/nisadesign.hr\/en\/wp-json\/wp\/v2\/types\/product"}],"replies":[{"embeddable":true,"href":"https:\/\/nisadesign.hr\/en\/wp-json\/wp\/v2\/comments?post=1076"}],"wp:featuredmedia":[{"embeddable":true,"href":"https:\/\/nisadesign.hr\/en\/wp-json\/wp\/v2\/media\/1077"}],"wp:attachment":[{"href":"https:\/\/nisadesign.hr\/en\/wp-json\/wp\/v2\/media?parent=1076"}],"wp:term":[{"taxonomy":"product_brand","embeddable":true,"href":"https:\/\/nisadesign.hr\/en\/wp-json\/wp\/v2\/product_brand?post=1076"},{"taxonomy":"product_cat","embeddable":true,"href":"https:\/\/nisadesign.hr\/en\/wp-json\/wp\/v2\/product_cat?post=1076"},{"taxonomy":"product_tag","embeddable":true,"href":"https:\/\/nisadesign.hr\/en\/wp-json\/wp\/v2\/product_tag?post=1076"}],"curies":[{"name":"wp","href":"https:\/\/api.w.org\/{rel}","templated":true}]}}