{"id":1073,"date":"2021-05-14T13:49:59","date_gmt":"2021-05-14T11:49:59","guid":{"rendered":"https:\/\/nisadesign.hr\/?post_type=product&#038;p=1073"},"modified":"2025-08-28T16:33:03","modified_gmt":"2025-08-28T14:33:03","slug":"nausnice-zagreb-3","status":"publish","type":"product","link":"https:\/\/nisadesign.hr\/en\/product\/nausnice-zagreb-3\/","title":{"rendered":"Nau\u0161nice &#8220;Zagreb&#8221; #3"},"content":{"rendered":"<p class=\"p1\"><span class=\"s1\">Dragi Zagrep\u010dani i ljubitelji grada Zagreba, za vas sam pripremila posebnu liniju dizajnerskog nakita. Na nau\u0161nice je aplicirana ilustracija Zagreba koju sam crtala prilikom stvaranja linije \u201cGradovi\u201d. Likovni prikaz grada odlu\u010dila sam podijeliti s vama. U\u017eivajte u no\u0161enju svojeg grada!<\/span><\/p>\n<p class=\"p1\"><span class=\"s1\">VELI\u010cINA KRUGA: 4 CM<\/span><\/p>\n<p class=\"p1\"><span class=\"s1\">Materijal: pleksiglas i iglice (mogu\u0107nost: klipse, nazna\u010diti u opisu)<\/span><\/p>\n<p>Nau\u0161nice su razli\u010ditih uzorka!<\/p>","protected":false},"excerpt":{"rendered":"<p class=\"p1\"><span class=\"s1\">Dragi Zagrep\u010dani i ljubitelji grada Zagreba, za vas sam pripremila posebnu liniju dizajnerskog nakita. Na nau\u0161nice je aplicirana ilustracija Zagreba koju sam crtala prilikom stvaranja linije \u201cGradovi\u201d. Likovni prikaz grada odlu\u010dila sam podijeliti s vama. U\u017eivajte u no\u0161enju svojeg grada!<\/span><\/p>\n<p class=\"p1\"><span class=\"s1\">VELI\u010cINA KRUGA: 4 CM<\/span><\/p>\n<p class=\"p1\"><span class=\"s1\">Materijal: pleksiglas i iglice (mogu\u0107nost: klipse, nazna\u010diti u opisu)<\/span><\/p>\n<p>Nau\u0161nice su razli\u010ditih uzorka!<\/p>","protected":false},"featured_media":1062,"comment_status":"open","ping_status":"closed","template":"","meta":[],"product_brand":[],"product_cat":[112],"product_tag":[59,62,51,46,57,53,52,58,63,116,114,117],"class_list":{"0":"post-1073","1":"product","2":"type-product","3":"status-publish","4":"has-post-thumbnail","6":"product_cat-zagreb","7":"product_tag-hrvatski-dizajn","8":"product_tag-limited-edition-prsteni","9":"product_tag-nakit","10":"product_tag-nisa-design","11":"product_tag-nisa-design-prsten","12":"product_tag-nisa-design-rijeka","13":"product_tag-nisa-hrvatin-petrovic","14":"product_tag-prsten-nisa","15":"product_tag-rijecki-dizajneri","16":"product_tag-suvenir-zagreb","17":"product_tag-zagreb","18":"product_tag-zagrebacke-nausnice","20":"first","21":"instock","22":"sale","23":"shipping-taxable","24":"purchasable","25":"product-type-simple","26":"wcspt-has-gallery"},"_links":{"self":[{"href":"https:\/\/nisadesign.hr\/en\/wp-json\/wp\/v2\/product\/1073","targetHints":{"allow":["GET"]}}],"collection":[{"href":"https:\/\/nisadesign.hr\/en\/wp-json\/wp\/v2\/product"}],"about":[{"href":"https:\/\/nisadesign.hr\/en\/wp-json\/wp\/v2\/types\/product"}],"replies":[{"embeddable":true,"href":"https:\/\/nisadesign.hr\/en\/wp-json\/wp\/v2\/comments?post=1073"}],"wp:featuredmedia":[{"embeddable":true,"href":"https:\/\/nisadesign.hr\/en\/wp-json\/wp\/v2\/media\/1062"}],"wp:attachment":[{"href":"https:\/\/nisadesign.hr\/en\/wp-json\/wp\/v2\/media?parent=1073"}],"wp:term":[{"taxonomy":"product_brand","embeddable":true,"href":"https:\/\/nisadesign.hr\/en\/wp-json\/wp\/v2\/product_brand?post=1073"},{"taxonomy":"product_cat","embeddable":true,"href":"https:\/\/nisadesign.hr\/en\/wp-json\/wp\/v2\/product_cat?post=1073"},{"taxonomy":"product_tag","embeddable":true,"href":"https:\/\/nisadesign.hr\/en\/wp-json\/wp\/v2\/product_tag?post=1073"}],"curies":[{"name":"wp","href":"https:\/\/api.w.org\/{rel}","templated":true}]}}