{"id":656,"date":"2019-03-05T11:08:21","date_gmt":"2019-03-05T10:08:21","guid":{"rendered":"https:\/\/nisadesign.hr\/?page_id=656"},"modified":"2019-03-05T11:18:47","modified_gmt":"2019-03-05T10:18:47","slug":"impressum","status":"publish","type":"page","link":"https:\/\/nisadesign.hr\/en\/impressum\/","title":{"rendered":"Impressum"},"content":{"rendered":"<p>&nbsp;<\/p>\n<h1 style=\"text-align: center;\"><span style=\"color: #978bc2;\">IMPRESSUM<\/span><\/h1>\n<p style=\"text-align: center;\"><strong>NISA, obrt za proizvodnju i usluge<\/strong><\/p>\n<p style=\"text-align: center;\"><span style=\"color: #999999;\">vl. Nisa Hrvatin Petrovi\u0107,\u00a0<\/span><span style=\"color: #999999;\">Ratka Petrovi\u0107a 10, 51000 Rijeka<\/span><\/p>\n<p style=\"text-align: center;\"><strong>OIB:<\/strong> <span style=\"color: #999999;\">14807204561 \/<\/span> <strong>MB:<\/strong> <span style=\"color: #999999;\">97880639<\/span><\/p>\n<p style=\"text-align: center;\"><strong>BANKA:<\/strong> <span style=\"color: #999999;\">Zagreba\u010dka banka d.d.\u00a0\/<\/span> <strong>IBAN:<\/strong> <span style=\"color: #999999;\">HR1623600001102695888<\/span><\/p>\n<p style=\"text-align: center;\"><strong>SWIFT\/BIC:<\/strong> <span style=\"color: #999999;\">ZABAHR2X<\/span><\/p>\n<p style=\"text-align: center;\"><strong>Kontakt:<\/strong> <a href=\"mailto:nisadesign.hr@gmail.com\"><span style=\"color: #999999;\">nisadesign.hr@gmail.com<\/span><\/a><span style=\"color: #999999;\">\u00a0\/ +385 921688467<\/span><\/p>\n<p style=\"text-align: center;\"><span style=\"color: #999999;\">NISA, obrt za proizvodnju i usluge upisan je u Obrtni registar 30.05.2018. na temelju \u010dlanka 15. Zakona o obrtu, pod mati\u010dnim brojem 97880639 pri Slu\u017ebi za gospodarstvo u Rijeci, Primorsko &#8211; goranska \u017eupanija<\/span><\/p>","protected":false},"excerpt":{"rendered":"<p>&nbsp; IMPRESSUM NISA, obrt za proizvodnju i usluge vl. Nisa Hrvatin Petrovi\u0107,\u00a0Ratka Petrovi\u0107a 10, 51000 Rijeka OIB: 14807204561 \/ MB: 97880639 BANKA: Zagreba\u010dka banka d.d.\u00a0\/ IBAN: HR1623600001102695888 SWIFT\/BIC: ZABAHR2X Kontakt: nisadesign.hr@gmail.com\u00a0\/ +385 921688467 NISA, obrt za proizvodnju i usluge upisan je u Obrtni registar 30.05.2018. na temelju \u010dlanka 15. Zakona o obrtu, pod mati\u010dnim brojem 97880639 pri Slu\u017ebi za gospodarstvo u Rijeci, Primorsko &#8211; goranska \u017eupanija<\/p>","protected":false},"author":1,"featured_media":657,"parent":0,"menu_order":0,"comment_status":"closed","ping_status":"closed","template":"page-fullwidth.php","meta":{"footnotes":""},"class_list":["post-656","page","type-page","status-publish","has-post-thumbnail","hentry"],"_links":{"self":[{"href":"https:\/\/nisadesign.hr\/en\/wp-json\/wp\/v2\/pages\/656","targetHints":{"allow":["GET"]}}],"collection":[{"href":"https:\/\/nisadesign.hr\/en\/wp-json\/wp\/v2\/pages"}],"about":[{"href":"https:\/\/nisadesign.hr\/en\/wp-json\/wp\/v2\/types\/page"}],"author":[{"embeddable":true,"href":"https:\/\/nisadesign.hr\/en\/wp-json\/wp\/v2\/users\/1"}],"replies":[{"embeddable":true,"href":"https:\/\/nisadesign.hr\/en\/wp-json\/wp\/v2\/comments?post=656"}],"version-history":[{"count":8,"href":"https:\/\/nisadesign.hr\/en\/wp-json\/wp\/v2\/pages\/656\/revisions"}],"predecessor-version":[{"id":665,"href":"https:\/\/nisadesign.hr\/en\/wp-json\/wp\/v2\/pages\/656\/revisions\/665"}],"wp:featuredmedia":[{"embeddable":true,"href":"https:\/\/nisadesign.hr\/en\/wp-json\/wp\/v2\/media\/657"}],"wp:attachment":[{"href":"https:\/\/nisadesign.hr\/en\/wp-json\/wp\/v2\/media?parent=656"}],"curies":[{"name":"wp","href":"https:\/\/api.w.org\/{rel}","templated":true}]}}