{"id":57,"date":"2018-09-08T11:35:56","date_gmt":"2018-09-08T09:35:56","guid":{"rendered":"http:\/\/nisadesign.hr\/?page_id=57"},"modified":"2018-09-24T21:41:53","modified_gmt":"2018-09-24T19:41:53","slug":"o-meni","status":"publish","type":"page","link":"https:\/\/nisadesign.hr\/en\/o-meni\/","title":{"rendered":"O Brendu"},"content":{"rendered":"<h1><strong>About<\/strong><\/h1>\n<p>Dobrodo\u0161li u svijet Nisa designa. Moje ime je Nisa Hrvatin Petrovi\u0107 i ja sam rije\u010dka dizajnerica i scenografkinja koja stoji iza brenda Nisa design i obrta za proizvodnju i usluge NISA. Diplomirala sam 2015.godine na Akademiji primijenjenih umjetnosti Sveu\u010dili\u0161ta u Rijeci. U Gradskom kazali\u0161tu lutaka Rijeka odradila sam svoje sta\u017eiranje i likovno oblikovala 3 predstave. Do sada iza sebe imam nagradu za najbolju scenografiju za predstavu <em>Trsatski zmaj<\/em> s festivala Mali Maruli\u0107 i nagradu za kulturna dostignu\u0107a u 2016.godini. U svojoj likovnoj karijeri brojim mnogobrojne likovne izlo\u017ebe \u0161to grupne \u0161to samostalne iz podru\u010dja fotografije, nakita, grafike\u2026 Kazali\u0161te je moja velika strast zato sam rado oblikovala desetak kazali\u0161nih i lutkarskih predstava \u0161to u privatnoj, \u0161to u stranoj produkciji. Moji interesi su veliki, izradujem nakit, ku\u0107anske proizvode, suvenire, fotografiram, dizajniram pozivnice, plakate, vizitke, izra\u0111ujem lutke, scenografije, re\u017eiram predstave, dekoriram prostore, izra\u0111ujem maskote, ilustriram slikovnice\u2026<\/p>\n<p>Moje proizvode prepoznat \u0107ete prema \u017earkim bojama i jednostavnim geometrijskim oblicima, a inspiraciju za liniju \u201cSpace shapes\u201d dobila sam prilikom stvaranja plakata za predstavu <em>Mali princ<\/em>.<\/p>\n<blockquote><p>\u201cSamo se srcem dobro vidi. Bitno je o\u010dima nevidljivo.\u201d -Antoine de Saint- Exup\u00e9ry, Mali princ<\/p><\/blockquote>\n<p><em>Mali princ<\/em> je jedna od mojih omiljenih knjiga te sam odlu\u010dila diplomirati upravo na izradi cijelog vizualnog identiteta za tu predstavu. Prilikom stvaranja plakata fotografije makro prirode odlu\u010dila za zavrtiti i u potpunosti im promjeniti strukturu te upravo samom rotacijom nastaju moji neobi\u010dni apstraktni oblici koji postaju za\u0161titni znak linije \u201cSpace shapes\u201d. Iza svakog oblika postoji fotografija prirode kao \u0161to svaki oblik predstavlja jedno svemirsko tijelo, satelit, zvijezdu ili planet.<\/p>\n<p>&nbsp;<\/p>\n<p><a href=\"https:\/\/nisadesign.hr\/wp-content\/uploads\/2018\/09\/39293410_1113174182163950_4808487488718897152_n.jpg\"><img loading=\"lazy\" decoding=\"async\" class=\"alignnone wp-image-546 size-large\" src=\"https:\/\/nisadesign.hr\/wp-content\/uploads\/2018\/09\/39293410_1113174182163950_4808487488718897152_n-1024x734.jpg\" alt=\"\" width=\"1024\" height=\"734\" srcset=\"https:\/\/nisadesign.hr\/wp-content\/uploads\/2018\/09\/39293410_1113174182163950_4808487488718897152_n-1024x734.jpg 1024w, https:\/\/nisadesign.hr\/wp-content\/uploads\/2018\/09\/39293410_1113174182163950_4808487488718897152_n-300x215.jpg 300w, https:\/\/nisadesign.hr\/wp-content\/uploads\/2018\/09\/39293410_1113174182163950_4808487488718897152_n-768x551.jpg 768w, https:\/\/nisadesign.hr\/wp-content\/uploads\/2018\/09\/39293410_1113174182163950_4808487488718897152_n-600x430.jpg 600w, https:\/\/nisadesign.hr\/wp-content\/uploads\/2018\/09\/39293410_1113174182163950_4808487488718897152_n.jpg 2048w\" sizes=\"auto, (max-width: 1024px) 100vw, 1024px\" \/><\/a><\/p>\n<p>&nbsp;<\/p>\n<p>U mojoj maloj radionici poma\u017ee mi i suprug David Petrovi\u0107 s kojim zajedno stvaram predstave za djecu i odrasle. Sura\u0111ivali smo ve\u0107 na mnogim projektima, a naravno otvoreni smo i za nove suradnje. Izra\u0111ujemo i likovno oblikujemo lutke, maskote, scenografiju, kostime, plakate, pozivnice\u2026 Svoje iskustvo u stvaranju predstava razvijala sam godinama u lutkarskom kazali\u0161tu gledaju\u0107i predstave i stvaraju\u0107i scenografije. Osim \u0161to likovno oblikujemo predstave tako\u0111er iskusni smo u pisanju scenarija i re\u017eiranju predstava.<\/p>\n<p>Osim linije \u201c<span style=\"color: #cc99ff;\"><a style=\"color: #cc99ff;\" href=\"http:\/\/nisadesign.hr\/en\/space-shapes\/\" target=\"_blank\" rel=\"noopener\">Space shapes<\/a><\/span>\u201d razvijam i liniju suvenira \u201c<span style=\"color: #cc99ff;\"><a style=\"color: #cc99ff;\" href=\"http:\/\/nisadesign.hr\/en\/moja-rijeka\/\" target=\"_blank\" rel=\"noopener\">Moja Rijeka<\/a><\/span>\u201d,\u00a0 te nakit za vjen\u010danja, a izrada svih vrsta dekoracija za vjen\u010danja, scenu, priredbe, ro\u0111endane i sli\u010dno nije mi strana. Obrt NISA obavlja djelatnosti proizvodnje nakita i srodnih proizvoda, izradu predmeta za uspomenu, fotografske djelatnosti, podu\u010davanje u podru\u010dju kulture, izvo\u0111a\u010dku umjetnost, umjetni\u010dko stvarala\u0161tvo, dizajnerske djelatnosti\u2026<\/p>\n<h1><strong>Kontakt<\/strong><\/h1>\n<p>Ukoliko imate pitanje vezano uz moj rad, dizajn, kazali\u0161te, dekoraciju slobodno me kontaktirajte. Otvorena sam za nove suradnje!<\/p>\n\n<div class=\"wpcf7 no-js\" id=\"wpcf7-f6-o1\" lang=\"hr\" dir=\"ltr\" data-wpcf7-id=\"6\">\n<div class=\"screen-reader-response\"><p role=\"status\" aria-live=\"polite\" aria-atomic=\"true\"><\/p> <ul><\/ul><\/div>\n<form action=\"\/en\/wp-json\/wp\/v2\/pages\/57#wpcf7-f6-o1\" method=\"post\" class=\"wpcf7-form init\" aria-label=\"Kontakt obrazac\" novalidate=\"novalidate\" data-status=\"init\" data-trp-original-action=\"\/en\/wp-json\/wp\/v2\/pages\/57#wpcf7-f6-o1\">\n<fieldset class=\"hidden-fields-container\"><input type=\"hidden\" name=\"_wpcf7\" value=\"6\" \/><input type=\"hidden\" name=\"_wpcf7_version\" value=\"6.1.1\" \/><input type=\"hidden\" name=\"_wpcf7_locale\" value=\"hr\" \/><input type=\"hidden\" name=\"_wpcf7_unit_tag\" value=\"wpcf7-f6-o1\" \/><input type=\"hidden\" name=\"_wpcf7_container_post\" value=\"0\" \/><input type=\"hidden\" name=\"_wpcf7_posted_data_hash\" value=\"\" \/>\n<\/fieldset>\n<p><label> Tvoje ime (obavezno)<br \/>\n<span class=\"wpcf7-form-control-wrap\" data-name=\"your-name\"><input size=\"40\" maxlength=\"400\" class=\"wpcf7-form-control wpcf7-text wpcf7-validates-as-required\" aria-required=\"true\" aria-invalid=\"false\" value=\"\" type=\"text\" name=\"your-name\" \/><\/span> <\/label>\n<\/p>\n<p><label> Tvoj email (obavezno)<br \/>\n<span class=\"wpcf7-form-control-wrap\" data-name=\"your-email\"><input size=\"40\" maxlength=\"400\" class=\"wpcf7-form-control wpcf7-email wpcf7-validates-as-required wpcf7-text wpcf7-validates-as-email\" aria-required=\"true\" aria-invalid=\"false\" value=\"\" type=\"email\" name=\"your-email\" \/><\/span> <\/label>\n<\/p>\n<p><label> Predmet<br \/>\n<span class=\"wpcf7-form-control-wrap\" data-name=\"your-subject\"><input size=\"40\" maxlength=\"400\" class=\"wpcf7-form-control wpcf7-text\" aria-invalid=\"false\" value=\"\" type=\"text\" name=\"your-subject\" \/><\/span> <\/label>\n<\/p>\n<p><label> Poruka<br \/>\n<span class=\"wpcf7-form-control-wrap\" data-name=\"your-message\"><textarea cols=\"40\" rows=\"10\" maxlength=\"2000\" class=\"wpcf7-form-control wpcf7-textarea\" aria-invalid=\"false\" name=\"your-message\"><\/textarea><\/span> <\/label>\n<\/p>\n<p><input class=\"wpcf7-form-control wpcf7-submit has-spinner\" type=\"submit\" value=\"Po\u0161alji\" \/>\n<\/p><p style=\"display: none !important;\" class=\"akismet-fields-container\" data-prefix=\"_wpcf7_ak_\"><label>&#916;<textarea name=\"_wpcf7_ak_hp_textarea\" cols=\"45\" rows=\"8\" maxlength=\"100\"><\/textarea><\/label><input type=\"hidden\" id=\"ak_js_1\" name=\"_wpcf7_ak_js\" value=\"141\"\/><script>document.getElementById( \"ak_js_1\" ).setAttribute( \"value\", ( new Date() ).getTime() );<\/script><\/p><div class=\"wpcf7-response-output\" aria-hidden=\"true\"><\/div>\n<input type=\"hidden\" name=\"trp-form-language\" value=\"en\"\/><\/form>\n<\/div>","protected":false},"excerpt":{"rendered":"<p>O meni Dobrodo\u0161li u svijet Nisa designa. Moje ime je Nisa Hrvatin Petrovi\u0107 i ja sam rije\u010dka dizajnerica i scenografkinja koja stoji iza brenda Nisa design i obrta za proizvodnju i usluge NISA. Diplomirala sam 2015.godine na Akademiji primijenjenih umjetnosti Sveu\u010dili\u0161ta u Rijeci. U Gradskom kazali\u0161tu lutaka Rijeka odradila sam svoje sta\u017eiranje i likovno oblikovala 3 predstave. Do sada iza sebe imam nagradu za najbolju scenografiju za predstavu Trsatski zmaj s festivala Mali Maruli\u0107 i nagradu za kulturna dostignu\u0107a u 2016.godini. U svojoj likovnoj karijeri brojim mnogobrojne likovne izlo\u017ebe \u0161to grupne \u0161to samostalne iz podru\u010dja fotografije, nakita, grafike\u2026 Kazali\u0161te je moja velika strast zato sam rado oblikovala desetak kazali\u0161nih i lutkarskih predstava \u0161to u privatnoj, \u0161to u stranoj produkciji. Moji interesi su veliki, izradujem nakit, ku\u0107anske proizvode, suvenire, fotografiram, dizajniram pozivnice, plakate, vizitke, izra\u0111ujem lutke, scenografije, re\u017eiram predstave, dekoriram prostore, izra\u0111ujem maskote, ilustriram slikovnice\u2026 Moje proizvode prepoznat \u0107ete prema \u017earkim bojama i jednostavnim geometrijskim oblicima, a inspiraciju za liniju \u201cSpace shapes\u201d dobila sam prilikom stvaranja plakata za predstavu Mali princ. \u201cSamo se srcem dobro vidi. Bitno je o\u010dima nevidljivo.\u201d -Antoine de Saint- Exup\u00e9ry, Mali princ Mali princ je jedna od mojih omiljenih knjiga te sam odlu\u010dila diplomirati upravo na izradi [&hellip;]<\/p>","protected":false},"author":1,"featured_media":380,"parent":0,"menu_order":0,"comment_status":"closed","ping_status":"closed","template":"page-fullwidth.php","meta":{"footnotes":""},"class_list":["post-57","page","type-page","status-publish","has-post-thumbnail","hentry"],"_links":{"self":[{"href":"https:\/\/nisadesign.hr\/en\/wp-json\/wp\/v2\/pages\/57","targetHints":{"allow":["GET"]}}],"collection":[{"href":"https:\/\/nisadesign.hr\/en\/wp-json\/wp\/v2\/pages"}],"about":[{"href":"https:\/\/nisadesign.hr\/en\/wp-json\/wp\/v2\/types\/page"}],"author":[{"embeddable":true,"href":"https:\/\/nisadesign.hr\/en\/wp-json\/wp\/v2\/users\/1"}],"replies":[{"embeddable":true,"href":"https:\/\/nisadesign.hr\/en\/wp-json\/wp\/v2\/comments?post=57"}],"version-history":[{"count":8,"href":"https:\/\/nisadesign.hr\/en\/wp-json\/wp\/v2\/pages\/57\/revisions"}],"predecessor-version":[{"id":549,"href":"https:\/\/nisadesign.hr\/en\/wp-json\/wp\/v2\/pages\/57\/revisions\/549"}],"wp:featuredmedia":[{"embeddable":true,"href":"https:\/\/nisadesign.hr\/en\/wp-json\/wp\/v2\/media\/380"}],"wp:attachment":[{"href":"https:\/\/nisadesign.hr\/en\/wp-json\/wp\/v2\/media?parent=57"}],"curies":[{"name":"wp","href":"https:\/\/api.w.org\/{rel}","templated":true}]}}