{"id":55,"date":"2018-09-08T11:35:41","date_gmt":"2018-09-08T09:35:41","guid":{"rendered":"http:\/\/nisadesign.hr\/?page_id=55"},"modified":"2018-09-08T11:48:11","modified_gmt":"2018-09-08T09:48:11","slug":"space-shapes","status":"publish","type":"page","link":"https:\/\/nisadesign.hr\/en\/space-shapes\/","title":{"rendered":"Space shapes"},"content":{"rendered":"<p>Linija \u201eSpace shapes\u201c nastala je stvaranjem diplomskog rada- predstave <em>Mali princ. <\/em>Magistrirala sam na Akademiji primijenjenih umjetnosti u Rijeci 2015.godine, pod mentorstvom profesora Nenada Robana i Aljo\u0161e Brajdic\u0301a i tada prvi put predstavljam liniju radova \u201cSpace shapes\u201d\u00a0 inozemstvu i Hrvatskoj. Moji proizvodi nastaju kao posljedica stvaranja vizuala plakata predstave <em>Mali princ<\/em>. \u201cSvemirske oblike\u201d\u00a0 primijenjujem na nakit i ku\u0107anske proizvode i tako nastaje jedna od mojih najpoznatijih serija radova. Od nakita izra\u0111ujem ogrlice, prstene, nau\u0161nice i bro\u0161eve, dok od ku\u0107anskih proizvoda podmeta\u010de i satove, no spektar proizvoda \u0107e se sigurno u budu\u0107nosti \u0161iriti.<\/p>\n<p>Liniju proizvoda imam u svim bojama, a nakit i ku\u0107anski proizvodi posebni su i po materijalu koji koristim- pleksiglasu. Pleksiglas je poznat po svojoj \u010dvrsto\u0107i i otpornosti na vodu, a daje ujedno modernu notu mojim proizvodima.<\/p>\n<p><img loading=\"lazy\" decoding=\"async\" class=\"alignnone wp-image-82 size-large\" src=\"http:\/\/nisadesign.hr\/wp-content\/uploads\/2018\/09\/oblici1-1019x1024.jpg\" alt=\"\" width=\"1019\" height=\"1024\" srcset=\"https:\/\/nisadesign.hr\/wp-content\/uploads\/2018\/09\/oblici1-1019x1024.jpg 1019w, https:\/\/nisadesign.hr\/wp-content\/uploads\/2018\/09\/oblici1-150x150.jpg 150w, https:\/\/nisadesign.hr\/wp-content\/uploads\/2018\/09\/oblici1-300x300.jpg 300w, https:\/\/nisadesign.hr\/wp-content\/uploads\/2018\/09\/oblici1-768x772.jpg 768w, https:\/\/nisadesign.hr\/wp-content\/uploads\/2018\/09\/oblici1-600x603.jpg 600w, https:\/\/nisadesign.hr\/wp-content\/uploads\/2018\/09\/oblici1-100x100.jpg 100w, https:\/\/nisadesign.hr\/wp-content\/uploads\/2018\/09\/oblici1.jpg 2000w\" sizes=\"auto, (max-width: 1019px) 100vw, 1019px\" \/><\/p>\n<blockquote><p>LIMITED EDITION<\/p><\/blockquote>\n<p>Posjedujem i posebnu \u201climited edition\u201d liniju proizvoda koja je zanimljiva upravo po tome \u0161to je printana samo u 10 primjerka. Ograni\u010dena serija radova daje unikatnost svakom obliku, a svako tko \u017eeli biti poseban i posjedovati ne\u0161to druga\u010dije mo\u017ee imati tu privilegiju. Na mojim stranicama mo\u017eete se raspitati o pogodnostima kao i o posebnosti svakog oblika ukoliko vas zanima povijest nastanka.<\/p>\n<p><img loading=\"lazy\" decoding=\"async\" class=\"alignnone wp-image-83 size-large\" src=\"http:\/\/nisadesign.hr\/wp-content\/uploads\/2018\/09\/oblici2-1024x541.jpg\" alt=\"\" width=\"1024\" height=\"541\" srcset=\"https:\/\/nisadesign.hr\/wp-content\/uploads\/2018\/09\/oblici2-1024x541.jpg 1024w, https:\/\/nisadesign.hr\/wp-content\/uploads\/2018\/09\/oblici2-300x159.jpg 300w, https:\/\/nisadesign.hr\/wp-content\/uploads\/2018\/09\/oblici2-768x406.jpg 768w, https:\/\/nisadesign.hr\/wp-content\/uploads\/2018\/09\/oblici2-600x317.jpg 600w, https:\/\/nisadesign.hr\/wp-content\/uploads\/2018\/09\/oblici2.jpg 2000w\" sizes=\"auto, (max-width: 1024px) 100vw, 1024px\" \/><\/p>","protected":false},"excerpt":{"rendered":"<p>Linija \u201eSpace shapes\u201c nastala je stvaranjem diplomskog rada- predstave Mali princ. Magistrirala sam na Akademiji primijenjenih umjetnosti u Rijeci 2015.godine, pod mentorstvom profesora Nenada Robana i Aljo\u0161e Brajdic\u0301a i tada prvi put predstavljam liniju radova \u201cSpace shapes\u201d\u00a0 inozemstvu i Hrvatskoj. Moji proizvodi nastaju kao posljedica stvaranja vizuala plakata predstave Mali princ. \u201cSvemirske oblike\u201d\u00a0 primijenjujem na nakit i ku\u0107anske proizvode i tako nastaje jedna od mojih najpoznatijih serija radova. Od nakita izra\u0111ujem ogrlice, prstene, nau\u0161nice i bro\u0161eve, dok od ku\u0107anskih proizvoda podmeta\u010de i satove, no spektar proizvoda \u0107e se sigurno u budu\u0107nosti \u0161iriti. Liniju proizvoda imam u svim bojama, a nakit i ku\u0107anski proizvodi posebni su i po materijalu koji koristim- pleksiglasu. Pleksiglas je poznat po svojoj \u010dvrsto\u0107i i otpornosti na vodu, a daje ujedno modernu notu mojim proizvodima. LIMITED EDITION Posjedujem i posebnu \u201climited edition\u201d liniju proizvoda koja je zanimljiva upravo po tome \u0161to je printana samo u 10 primjerka. Ograni\u010dena serija radova daje unikatnost svakom obliku, a svako tko \u017eeli biti poseban i posjedovati ne\u0161to druga\u010dije mo\u017ee imati tu privilegiju. Na mojim stranicama mo\u017eete se raspitati o pogodnostima kao i o posebnosti svakog oblika ukoliko vas zanima povijest nastanka.<\/p>","protected":false},"author":1,"featured_media":0,"parent":0,"menu_order":0,"comment_status":"closed","ping_status":"closed","template":"","meta":{"footnotes":""},"class_list":["post-55","page","type-page","status-publish","hentry"],"_links":{"self":[{"href":"https:\/\/nisadesign.hr\/en\/wp-json\/wp\/v2\/pages\/55","targetHints":{"allow":["GET"]}}],"collection":[{"href":"https:\/\/nisadesign.hr\/en\/wp-json\/wp\/v2\/pages"}],"about":[{"href":"https:\/\/nisadesign.hr\/en\/wp-json\/wp\/v2\/types\/page"}],"author":[{"embeddable":true,"href":"https:\/\/nisadesign.hr\/en\/wp-json\/wp\/v2\/users\/1"}],"replies":[{"embeddable":true,"href":"https:\/\/nisadesign.hr\/en\/wp-json\/wp\/v2\/comments?post=55"}],"version-history":[{"count":3,"href":"https:\/\/nisadesign.hr\/en\/wp-json\/wp\/v2\/pages\/55\/revisions"}],"predecessor-version":[{"id":84,"href":"https:\/\/nisadesign.hr\/en\/wp-json\/wp\/v2\/pages\/55\/revisions\/84"}],"wp:attachment":[{"href":"https:\/\/nisadesign.hr\/en\/wp-json\/wp\/v2\/media?parent=55"}],"curies":[{"name":"wp","href":"https:\/\/api.w.org\/{rel}","templated":true}]}}