{"id":3,"date":"2018-09-05T13:36:18","date_gmt":"2018-09-05T11:36:18","guid":{"rendered":"http:\/\/nisadesign.hr\/?page_id=3"},"modified":"2018-09-26T10:49:41","modified_gmt":"2018-09-26T08:49:41","slug":"pravila-privatnosti","status":"publish","type":"page","link":"https:\/\/nisadesign.hr\/en\/pravila-privatnosti\/","title":{"rendered":"Pravila privatnosti i Uvjeti kori\u0161tenja"},"content":{"rendered":"<h1 style=\"text-align: center;\">Pravila privatnosti i Uvjeti kori\u0161tenja<\/h1>\n<h1>Kola\u010di\u0107i<\/h1>\n<p>Nisa Design koristi tzv. &#8220;kola\u010di\u0107e&#8221; (eng. cookies). Kola\u010di\u0107i su male tekstualne datoteke koju internet preglednik sprema na va\u0161em ure\u0111aju kada posjetite neku web stranicu.<\/p>\n<p>Kako bi ova web stranica radila pravilno, kako bismo bili u stanju vr\u0161iti daljnja unaprje\u0111enja stranice, u svrhu pobolj\u0161avanja iskustva pregledavanja. Preko 90 % svih web stranica koristi ovu praksu no prema regulacijama Europske unije od 25.03.2011. obvezni smo prije spremanja Cookie-a zatra\u017eiti va\u0161 pristanak. Kori\u0161tenjem web stranice pristajete na uporabu Cookie-a.<\/p>\n<p>Kola\u010di\u0107i se \u0161alju natrag izvornoj web stranici svaki idu\u0107i put kada posjetite stranicu. Kola\u010di\u0107i slu\u017ee kao memorija web stranice, koja omogu\u0107ava prepoznavanje va\u0161eg ure\u0111aja kada ponovo posjetite stranicu kako bismo prikazali informacije prilago\u0111ene vama. Vi\u0161e informacija o kola\u010di\u0107ima, uklju\u010duju\u0107i poja\u0161njenja kako vidjeti koji su kola\u010di\u0107i postavljeni na va\u0161 ure\u0111aj i kako upravljati njima i obrisati ih, mo\u017eete prona\u0107i na web stranici\u00a0<a href=\"https:\/\/www.aboutcookies.org\/\">www.aboutcookies.org<\/a><\/p>\n<p><strong>\u0160to je kola\u010di\u0107?<\/strong><br \/>\nKola\u010di\u0107 je informacija spremljena na Va\u0161e ra\u010dunalo od strane web stranice koju posjetite. Kola\u010di\u0107i obi\u010dno spremaju Va\u0161e postavke, postavke za web stranicu, kao \u0161to su preferirani jezik ili adresa. Kasnije, kada opet otvorite istu web stranicu internet preglednik \u0161alje natrag kola\u010di\u0107e koji pripadaju toj stranici. Ovo omogu\u0107ava stranici da prika\u017ee informacije prilago\u0111ene Va\u0161im potrebama.<\/p>\n<p>Kola\u010di\u0107i mogu spremati \u0161irok pojas informacija uklju\u010duju\u0107i osobne informacije (kao \u0161to je Va\u0161e ime ili e-mail adresa). Ova informacija biti \u0107e spremljena jedino ako Vi to omogu\u0107ite \u2013 web stranice ne mogu dobiti pristup informacijama koji im Vi niste dali i ne mogu pristupiti drugim datotekama na Va\u0161em ra\u010dunalu. Zadane aktivnosti spremanja i slanja kola\u010di\u0107a Vama nisu vidljive. Ipak, mo\u017eete promjeniti Va\u0161e postavke internet preglednika da mo\u017eete sami birati ho\u0107ete li zahtjeve za spremanje kola\u010di\u0107a odobriti ili odbiti, pobri\u0161ete spremljene kola\u010di\u0107e automatski pri zatvaranju internet preglednika i sli\u010dno.<\/p>\n<p><strong>Kakve kola\u010di\u0107e i za\u0161to koristi <\/strong><a href=\"https:\/\/nisadesign.hr\/en\/\"><strong>www.nisadesign.hr<\/strong><\/a><strong>?<\/strong><\/p>\n<ul>\n<li><strong>Privremeni <\/strong><strong>kola<\/strong><strong>\u010di\u0107i <\/strong>(eng. session cookies)<\/li>\n<\/ul>\n<p>Koristimo privremeni\/sesijski kola\u010di\u0107 koji postoji na va\u0161em ra\u010dunalu dok ne zatvorite va\u0161 internetski preglednik. Nu\u017ean je za ispravan rad web stranice nisadesign.hr.\u00a0Privremeni kola\u010di\u0107i koji isti\u010du (i automatski se bri\u0161u) kada zatvorite internet preglednik. Mi koristimo session cookies da omogu\u0107imo pristup sadr\u017eaju.<\/p>\n<ul>\n<li><strong>\u0160to su privremeni kola\u010di\u0107i?<\/strong><\/li>\n<\/ul>\n<p>Privremeni kola\u010di\u0107i ili kola\u010di\u0107i sesije uklanjaju se s ra\u010dunala po zatvaranju internet preglednika. Pomo\u0107u njih web-mjesta pohranjuju privremene podatke, poput stavki u ko\u0161arici za kupnju.<\/p>\n<ul>\n<li><strong>Trajni kola\u010di\u0107i<\/strong> (eng. persistent cookies)<\/li>\n<\/ul>\n<p>Koristimo trajne\/ stalni kola\u010di\u0107e koji imaju definirano vrijeme trajanja i ostaju na va\u0161em ra\u010dunalu dok ne isteknu ili dok ih ne obri\u0161ete. Nisadesign.hr na taj na\u010din pamti odabrani grad unutar servisa.<\/p>\n<ul>\n<li><strong>\u0160to su trajni <\/strong><strong>kola<\/strong><strong>\u010di\u0107i?<\/strong><\/li>\n<\/ul>\n<p>Stalni ili spremljeni kola\u010di\u0107i ostaju na ra\u010dunalu nakon zatvaranja programa internet preglednika. Pomo\u0107u njih web-mjesta pohranjuju podatke, kao \u0161to su ime za prijavu i lozinka, tako da se ne morate prijavljivati prilikom svakog posjeta odre\u0111enom mjestu. Stalni kola\u010di\u0107i ostat \u0107e na ra\u010dunalu danima, mjesecima, \u010dak i godinama.<\/p>\n<ul>\n<li><strong>Kola\u010di\u0107i tre\u0107ih strana<\/strong><\/li>\n<\/ul>\n<p>Nisadesign.hr trenutno dozvoljava nekoliko kola\u010di\u0107a tre\u0107ih strana da se postave na va\u0161 ure\u0111aj,\u00a0 te kola\u010di\u0107e ne postavlja i ne kontrolira nisadesign.hr. Za vi\u0161e informacija o tome kako se tre\u0107a strana koristi kola\u010di\u0107ima, molimo vas da posjetite odgovaraju\u0107e web stranice tre\u0107e strane. Kola\u010di\u0107i tre\u0107ih strana koji se koriste na ovoj web stranici navedeni su u nastavku.<\/p>\n<p>Google Analytics &#8211; servis za mjerenje posje\u0107enosti<\/p>\n<p>Uvjeti kori\u0161tenja:\u00a0<a href=\"http:\/\/www.google.com\/policies\/privacy\">www.google.com\/policies\/privacy<\/a><\/p>\n<p>Onemogu\u0107avanje kola\u010di\u0107a:\u00a0<a href=\"https:\/\/tools.google.com\/dlpage\/gaoptout\">tools.google.com\/dlpage\/gaoptout<\/a><\/p>\n<ul>\n<li><strong>Kako onemogu\u0107iti kola\u010di\u0107e<\/strong><\/li>\n<\/ul>\n<p>Isklju\u010divanjem kola\u010di\u0107a odlu\u010dujete da li ho\u0107ete dopustiti pohranjivanje kola\u010di\u0107a na va\u0161em ra\u010dunalu. Cookie postavke mogu se kontrolirati i konfigurirati u va\u0161em web pregledniku. Ako onemogu\u0107ite kola\u010di\u0107e, ne\u0107ete mo\u0107i koristiti neke od funkcionalnosti na web stranicama.<\/p>\n<p>Ve\u0107ina internetskih preglednika prihva\u0107a kola\u010di\u0107e, ali obi\u010dno mo\u017eete promijeniti postavke preglednika da odbija nove kola\u010di\u0107e, onemogu\u0107i postoje\u0107e, ili da vas jednostavno obavijesti kad su novi kola\u010di\u0107i poslani na va\u0161 ure\u0111aj. Kako biste postavili va\u0161 preglednik da odbija kola\u010di\u0107e, pogledajte upute o pomo\u0107i davatelja preglednika (koje se ina\u010de nalaze pod izbornicima &#8220;Pomo\u0107&#8221;, &#8220;Alati&#8221; ili &#8220;Uredi&#8221;). Detaljnije upute mo\u017eete na\u0107i na stranici\u00a0<a href=\"https:\/\/www.aboutcookies.org\/\">www.aboutcookies.org<\/a>. Napominjemo da se odre\u0111ene funkcionalnosti web stranice mogu izgubiti ako odbijete ili onemogu\u0107ite kola\u010di\u0107e. Osim toga, onemogu\u0107avanje kola\u010di\u0107a ili kategorije kola\u010di\u0107a ne bri\u0161e kola\u010di\u0107 iz va\u0161eg preglednika. To morate u\u010diniti sami u izborniku preglednika.<\/p>\n<h1><strong>Uvjeti kori\u0161tenja<\/strong><\/h1>\n<p><strong>UVJETI PRODAJE\/ DOSTAVE<\/strong><\/p>\n<p>Navedeni uvjeti prodaje i dostave primjenjuju se na svaku kupovinu na www.nisadesign.hr za dostavu po cijeloj Hrvatskoj i svijetu. Svi ra\u010duni izdani na www.nisadesign.hr bit \u0107e na hrvatskom jeziku. Kupci moraju imati 18 ili vi\u0161e godina da bi kupovali.<br \/>\nNISA, obrt za proizvodnju i usluge, vl. Nisa Hrvatin Petrovi\u0107 iz Rijeke, Ratka Petrovi\u0107a 10, OIB: 14807204561 upisan je u Obrtni registar 30.05.2018.godine s po\u010detkom rada 01.06.2018.godine., mati\u010dni broj je 97880639.<\/p>\n<p>Svi proizvodi ovise o dostupnosti ili stanju na zalihi. Nastojimo osigurati zalihe svih na\u0161ih proizvoda te \u0107emo vas upozoriti ako neki proizvod nije dostupan. Ako iz bilo kojega razloga te izvan na\u0161e nadle\u017enosti ne mo\u017eemo isporu\u010diti na\u0161 proizvod, ne snosimo odgovornost za to, ali \u0107emo se pobrinuti da vam isti ne bude napla\u0107en.<br \/>\nDali smo sve od sebe da bismo opisali i prikazali na\u0161e proizvode i usluge \u0161to je preciznije mogu\u0107e. Unato\u010d tome proizvodi mogu biti druga\u010diji od onoga \u0161to je napisano. Ako budete imali pitanja ili trebate dodatne informacije, molimo vas da nam se javite pozivom na broj 00385921688467 ili na mail adresu: <a href=\"mailto:nisadesign.hr@gmail.com\">nisadesign.hr@gmail.com<\/a>.<\/p>\n<p><strong>CIJENA i DOSTUPNOST PROIZVODA<\/strong><\/p>\n<ul>\n<li>Cijena pojedinoga proizvoda nalazi se pod pregledom proizvoda ili na shop stranici<\/li>\n<li>Cijena pojedinog proizvoda je kona\u010dna cijena<\/li>\n<li>Cijena pojedinog proizvoda ne uklju\u010duje tro\u0161kove dostave jer tro\u0161kovi dostave ovise o mjestu dostave. Vi\u0161e o dostavi saznajte u odjeljku dostava.<\/li>\n<li>Dostupnost Nisa design proizvoda podlo\u017ena je promjenama<\/li>\n<li>Sve su cijene aktualne i redovito se a\u017euriraju<\/li>\n<li>Za svaki proizvod vrijedi ona cijena koja je bila vidljiva u vrijeme kupovine<\/li>\n<\/ul>\n<p><strong>PLA\u0106ANJE<\/strong><\/p>\n<p>U ko\u0161arici u webshopu vidjet \u0107ete ukupan iznos kupnje + tro\u0161kove dostave (ukoliko tro\u0161ka dostave ima). To je ukupna cijena koju trebate platiti.<\/p>\n<p><strong>PLA\u0106<\/strong><strong>ANJE PUTEM VIRMANA ILI OP<\/strong><strong>\u0106E UPLATNICE NA BANKOVNI RA\u010cUN<\/strong><\/p>\n<ul>\n<li>Ako ste odabrali pla\u0107anje virmanom ili op\u0107om uplatnicom na va\u0161u e-mail adresu bit \u0107e poslana narud\u017eba prema kojem vr\u0161ite uplatu<\/li>\n<li>Pla\u0107anje se vr\u0161i na \u017eiro ra\u010dun otvoren u Zagreba\u010dkoj banci HR1623600001102695888<\/li>\n<li>Ako se pla\u0107anje proizvoda vr\u0161i putem op\u0107e uplatnice ili virmana, korisnik na uplatnici mora ispuniti sljede\u0107e podatke:<\/li>\n<\/ul>\n<ol>\n<li>Primatelj: NISA, obrt za proizvodnju i usluge, vl. Nisa Hrvatin Petrovi\u0107, Ratka Petrovi\u0107a 10, 51000 Rijeka<\/li>\n<li>Poziv na broj: broj ra\u010duna ili narud\u017ebe<\/li>\n<li>Model: prazno<\/li>\n<li>Opis pla\u0107anja: broj ra\u010duna ili opis usluge \/proizvoda<\/li>\n<li>Iznos: prema iznosu na ra\u010dunu zaprimnjenom na mailu<\/li>\n<\/ol>\n<p><strong>PAYPAL \/ KREDITNA KARTICA<\/strong><\/p>\n<ul>\n<li>Artikle kupljene na nisadesign.hr mo\u017eete platiti sljede\u0107im debitnim\/kreditnim karticama kroz paypal su\u010delje:\n<ul>\n<li>MasterCard, Visa, Visa Electron, American Express<\/li>\n<\/ul>\n<\/li>\n<li>Kada pla\u0107ate kreditnom karticom, za\u0161ti\u0107eni ste od kra\u0111e bez odgovornosti. Ako netko zlorabi va\u0161u karticu, mo\u017eete zatra\u017eiti povrat novca od izdavatelja kartice.<\/li>\n<li>Va\u0161e je pla\u0107anje dovr\u0161eno sigurnom i \u0161ifriranom vezom, koja osigurava da va\u0161im podacima o pla\u0107anju ne mo\u017ee pristupiti druga osoba. Va\u0161e je pla\u0107anje zajam\u010deno sustavom pla\u0107anja Paypal (https:\/\/www.paypal.com\/hr\/webapps\/mpp\/home ). Svi podaci u vezi s transakcijom idu preko SSL-a (Secure Socket Layer) preko \u0161ifriranoga kanala. Mi jam\u010dimo da ne\u0107emo pohraniti bilo kakve osjetljive informacije u vezi s va\u0161om kreditnom karticom na na\u0161em serveru. Nadalje, nisadesign.hr ne mo\u017ee pristupiti osjetljivim podacima ni u kojem trenutku.<\/li>\n<li>Od vas \u0107e se zatra\u017eiti sljede\u0107i podaci:\n<ul>\n<li>Broj kartice (16-znamenkasti broj s prednje strane va\u0161e kartice)<\/li>\n<li>Rok valjanosti (na prednjoj strani kartice)<\/li>\n<li>Sigurnosni kod (zadnji troznamenkasti sigurnosni k\u00f4d sa stra\u017enje strane va\u0161e kartice, ispod magnetske trake)<\/li>\n<li>Va\u0161e ime i prezime<\/li>\n<li>Va\u0161 broj telefona<\/li>\n<li>Va\u0161a adresa<\/li>\n<\/ul>\n<\/li>\n<\/ul>\n<p><strong>RA<\/strong><strong>\u010cUN<\/strong><\/p>\n<p>Ra\u010dun \u0161aljemo na mail u digitalnom obliku ukoliko je pla\u0107anje transakcijsko i original ra\u010dun \u0161aljemo s proizvodom.<\/p>\n<p>Fiskalnom blagajnom izdajemo ra\u010dune gotovinskim pla\u0107anjem na sajmovima ili u radnom prostoru obrta.<\/p>\n<p><strong> DOSTAVA<\/strong><\/p>\n<p>Nudimo razli\u010dite opcije dostave:<\/p>\n<ol>\n<li>Ukoliko ste iz Rijeke ili okolice izdajemo fiskalni ra\u010dun i nema potrebe za pla\u0107anjem dostave, dostava je osobna.<\/li>\n<li>Ukoliko je potrebna dostava na va\u0161u adresu pla\u0107a se dostava.<\/li>\n<\/ol>\n<p><a href=\"http:\/\/nisadesign.hr\/en\/\">nisadesign.hr<\/a> \u0107e odrediti vrstu dostave ovisno o artiklima koje naru\u010dite.<\/p>\n<p>Minimalni iznos dostave je 20 kn, ukoliko napravite ra\u010dun ve\u0107i od 500 kn dostavu pokriva nisadesign.hr.<br \/>\nDostave se mogu oduljiti zimi ovisno o vremenskim uvjetima.<br \/>\nVi ste odgovorni za odlaganje ambala\u017ee.<\/p>\n<ul>\n<li><strong>Uvjeti dostave<\/strong><\/li>\n<\/ul>\n<p>Dostava se dostavlja uobi\u010dajeno, do vrata va\u0161e adrese za dostavu.<br \/>\nDostava je unutar 2-9 radnih dana od dana narud\u017ebe.<\/p>\n<p><strong>ZAPRIMANJE VA\u0160E NARUD\u017dBE<\/strong><\/p>\n<p>Pri preuzimanju narud\u017ebe, molimo:<\/p>\n<ul>\n<li>Pregledajte sve kutije\/pakiranje u slu\u010daju vidljiva o\u0161te\u0107enja.<\/li>\n<li>Ako je broj kutija\/paketa manji od o\u010dekivanog, recite dostavlja\u010du da ste uo\u010dili nedostatak. Sva odstupanja, bez obzira na to koliko su mala, trebate odmah prijaviti na +385 (0)92 1688467 ili e-mailom: nisadesign.hr@gmail.com<\/li>\n<\/ul>\n<p><strong>O\u0160<\/strong><strong>TE<\/strong><strong>\u0106ENI PAKETI\/ARTIKLI<\/strong><\/p>\n<p>Ako su kutije\/paketi o\u0161te\u0107eni, preporu\u010dujemo da:<\/p>\n<ul>\n<li>Odbijete primiti po\u0161iljku i potpi\u0161ite nalog \u201eOdbijen zbog o\u0161te\u0107enja\u201c<\/li>\n<li>Prihvatite po\u0161iljku, potpi\u0161ite nalog\u00a0 \u201eO\u0161te\u0107eno\u201c na dostavnom papiru te kontaktirajte nisadesign.hr.<br \/>\nNa taj na\u010din mo\u017eemo identificirati razloge za \u0161tetu i sprije\u010diti sli\u010dne incidente u budu\u0107nosti.<br \/>\nU svim slu\u010dajevima molimo vas da se odmah obratite pozivom na broj +385 (0)92 1688467 ili e-mailom: nisadesign.hr@gmail.com\u00a0da biste prijavili i rije\u0161ili problem.<\/li>\n<\/ul>\n<p><strong>PRAVILA POVRATA I ZAMJENE<\/strong><\/p>\n<p>Sukladno \u010dlanku 77, stavak 1. Zakona o za\u0161titi potro\u0161a\u010da, korisnik mo\u017ee jednostrano raskinuti Ugovor u roku od 14 (\u010detrnaest) dana od predaje robe u posjed Kupcu bez navo\u0111enja razloga.<br \/>\nKorisnik nema pravo na jednostrani raskid Ugovora ako mu je usluga u potpunosti ispunjena, a ispunjenje je zapo\u010delo uz njegov izri\u010dit prethodni pristanak te uz njegovu potvrdu da je upoznat s \u010dinjenicom da \u0107e izgubiti pravo na jednostrani raskid Ugovora ako mu usluga bude potpuno ispunjena.<br \/>\nSukladno \u010dlanku 77., stavak 5. Zakona o za\u0161titi potro\u0161a\u010da, korisnik je odgovoran za svako umanjenje vrijednosti robe koje je rezultat rukovanja robom, osim onog koje je bilo potrebno za utvr\u0111ivanje prirode, obilje\u017eja i funkcionalnosti robe. Ukoliko artikal nije upotrebljavan niti o\u0161te\u0107en zamijeniti \u0107emo ga za neki drugi proizvod po va\u0161em izboru u vrijednosti vra\u0107enog proizvoda ili ve\u0107oj uz nadoplatu ili izv\u0161iti povrat novca. Ovo pravilo ne vrijedi za artikle po narud\u017ebi budu\u0107i da se proizvode izradilo isklju\u010divo po narud\u017ebi.<br \/>\nPovrat novca bit \u0107e izvr\u0161en na isti na\u010din na koji je korisnik izvr\u0161io uplatu. U slu\u010daju da korisnik pristaje na drugi na\u010din povrata pla\u0107enog iznosa, ne snosi nikakve tro\u0161kove u odnosu na povrat. Povrat novca mo\u017ee izvr\u0161iti tek nakon \u0161to roba bude vra\u0107ena ili nakon \u0161to bude dostavljen dokaz da je roba poslana nazad.<br \/>\nIzravne tro\u0161kove povrata robe korisnik mora snositi sam. Korisnik se moli da prije raskida Ugovora nazove na broj telefona 00385921688467\u00a0 ili se javi\u00a0na mail: nisadesign.hr@gmail.com\u00a0kako bi mu bio obja\u0161njen postupak vra\u0107anja robe.<\/p>\n<p><strong>ZA\u0160TITA OSOBNIH PODATAKA<\/strong><\/p>\n<p>Skladno s Uredbom (EU) 2016\/679 europskog parlamenta i Vije\u0107a od 27. travnja 2016. godine o za\u0161titi pojedinaca u vezi s obradom osobnih podataka i o slobodnom kretanju takvih podataka te o stavljanju izvan snage Direktive 95\/46\/EZ (Op\u0107a uredba o za\u0161titi podataka), a koja je stupila na snagu u svibnju 2018. godine;<br \/>\nNISA, obrt za proizvodnju i usluge, vl. Nisa Hrvatin Petrovi\u0107 osobne podatke dobivene putem <a href=\"http:\/\/nisadesign.hr\/en\/\">nisadesign.hr<\/a> obra\u0111uje u skladu s uredbom, te u pravilu ne pohranjuje va\u0161e osobne podatke. Nisa Hrvatin Petrovi\u0107 kao voditelj obrade, vas obavje\u0161tava da va\u0161e osobne podatke, prikuplja i dalje obra\u0111uje, samo u onim slu\u010dajevima za koje postoji zakonska osnova, kao i u onim slu\u010dajevima kada je to potrebno radi ispunjavanja prava i obveza proiza\u0161lih iz ugovornog odnosa s vama kao kupcem, te u slu\u010daju va\u0161e privole.<br \/>\nU odnosu na sve va\u0161e osobne podatke, bilo oni prikupljeni i dalje obra\u0111ivani s zakonske i\/ili ugovorne osnove, odnosno temeljem va\u0161e privole, NISA obrt za proizvodnju i usluge, vas obavje\u0161tava da se isti prikupljaju, odnosno pohranjuju u sjedi\u0161tu Ratka Petrovi\u0107a 10, u Hrvatskoj, Rijeka.<\/p>\n<p>Va\u0161im osobnim podacima mogu pristupiti isklju\u010divo ovla\u0161tene osobe NISA, obrta za proizvodnju i usluge. Ostale osobe nemaju pristup va\u0161im osobnim podacima, te \u0107e NISA, obrt za proizvodnju i usluge i \u010dlanovi tima NISA u\u010diniti iste dostupnim samo onim tre\u0107im osobama (ugovornim partnerima), i to u slu\u010daju kada su isti neophodni radi ispunjavanja zakonske, ugovorne i\/ili one svrhe za koju ste dali privolu. Prethodno navedene ovla\u0161tene osobe, mogu pristupiti samo va\u0161im najnu\u017enijim osobnim podacima, te iste mogu obra\u0111ivati isklju\u010divo u svrhu radi kojeg su prikupljeni.<\/p>\n<p>NISA, obrt za proizvodnju i usluge vas obavje\u0161tava da va\u0161e osobne podatke prikuplja u sljede\u0107e svrhe:<\/p>\n<ul>\n<li>radi izrade va\u0161eg profila na nisadesign.hr;<\/li>\n<li>radi kupnje na stranici <a href=\"https:\/\/nisadesign.hr\/en\/\">nisadesign.hr<\/a> i dostave kupljenog proizvoda na va\u0161u adresu;<\/li>\n<li>radi provedbe pla\u0107anja karticama prilikom kupnje;<\/li>\n<li>radi va\u0161e prijave na na\u0161 newsletter.<\/li>\n<\/ul>\n<p>U vezi za\u0161tite va\u0161ih osobnih podataka, obavje\u0161tavamo vas na slijede\u0107a prava, odnosno da mo\u017eete u bilo kojem trenutku poduzeti sljede\u0107e radnje:<\/p>\n<ul>\n<li>podnijeti slu\u017ebeni prigovor nadzornom dr\u017eavnom tijelu (Agencija za za\u0161titu osobnih podataka u Hrvatskoj)<\/li>\n<li>ostvariti pravo na pristup va\u0161im osobnim podacima;<\/li>\n<li>ostvariti pravo na ispravak ili brisanje osobnih podataka;<\/li>\n<li>ostvariti pravo na ograni\u010denu obradu va\u0161ih osobnih podataka;<\/li>\n<li>iznijeti prigovor na obradu osobnih podataka op\u0107enito kao i prigovor u svezi ciljanog marketinga;<\/li>\n<li>zahtijevati prenosivost (mobilnost) osobnih podataka, ako je nu\u017eno<\/li>\n<\/ul>\n<p>Vi mo\u017eete dobiti vi\u0161e informacije o osobnim podacima koje pohranjujemo i obra\u0111ujemo kontaktiranjem na\u0161eg obrta. Nadalje, imate pravo iznijeti prigovor na obradu va\u0161ih osobnih podataka, zahtijevati da se va\u0161i osobni podaci isprave ili povu\u0107i dozvolu za obradu podataka u bilo koje vrijeme. Ako \u017eelite povu\u0107i svoju dozvolu ili ispraviti svoje podatke, molimo da nam se\u00a0 obratite i pozovete na ovo ili postupite sukladno uputama opisanim u nastavku ovog odjeljka.<br \/>\nNadalje, ako imate bilo kakve prigovore na obradu va\u0161ih osobnih podataka, imate pravo obratiti se Agenciji za za\u0161titu osobnih podataka u Hrvatskoj. Imate pravo zatra\u017eiti primjerak va\u0161ih osobnih podataka u strukturiranom obliku koji se naj\u010de\u0161\u0107e koristi te je prilago\u0111en za strojno \u010ditanje, a to mo\u017eete dobiti kontaktiranjem na mail <a href=\"mailto:nisadesign.hr@gmail.com\">nisadesign.hr@gmail.com<\/a> ili telefonski broj 00385921688467.<br \/>\nAko ste se slo\u017eili s ni\u017ee navedenim uslugama, mi zadr\u017eavamo pravo da vam \u0161aljemo nadopune na\u0161ih Pravila i uvjeta kori\u0161tenja bez obzira na to jeste li za to dali dozvolu ili ne. Bilo kakve druge vrste informacija ne\u0107emo vam slati.<\/p>\n<p>Voditelj obrade va\u0161ih osobnih podataka je NISA, obrt za proizvodnju i usluge, vl.Nisa Hrvatin Petrovi\u0107, Ratka Petrovi\u0107a 10, Rijeka, OIB: 14807204561.<\/p>","protected":false},"excerpt":{"rendered":"<p>Pravila privatnosti i Uvjeti kori\u0161tenja Kola\u010di\u0107i Nisa Design koristi tzv. &#8220;kola\u010di\u0107e&#8221; (eng. cookies). Kola\u010di\u0107i su male tekstualne datoteke koju internet preglednik sprema na va\u0161em ure\u0111aju kada posjetite neku web stranicu. Kako bi ova web stranica radila pravilno, kako bismo bili u stanju vr\u0161iti daljnja unaprje\u0111enja stranice, u svrhu pobolj\u0161avanja iskustva pregledavanja. Preko 90 % svih web stranica koristi ovu praksu no prema regulacijama Europske unije od 25.03.2011. obvezni smo prije spremanja Cookie-a zatra\u017eiti va\u0161 pristanak. Kori\u0161tenjem web stranice pristajete na uporabu Cookie-a. Kola\u010di\u0107i se \u0161alju natrag izvornoj web stranici svaki idu\u0107i put kada posjetite stranicu. Kola\u010di\u0107i slu\u017ee kao memorija web stranice, koja omogu\u0107ava prepoznavanje va\u0161eg ure\u0111aja kada ponovo posjetite stranicu kako bismo prikazali informacije prilago\u0111ene vama. Vi\u0161e informacija o kola\u010di\u0107ima, uklju\u010duju\u0107i poja\u0161njenja kako vidjeti koji su kola\u010di\u0107i postavljeni na va\u0161 ure\u0111aj i kako upravljati njima i obrisati ih, mo\u017eete prona\u0107i na web stranici\u00a0www.aboutcookies.org \u0160to je kola\u010di\u0107? Kola\u010di\u0107 je informacija spremljena na Va\u0161e ra\u010dunalo od strane web stranice koju posjetite. Kola\u010di\u0107i obi\u010dno spremaju Va\u0161e postavke, postavke za web stranicu, kao \u0161to su preferirani jezik ili adresa. Kasnije, kada opet otvorite istu web stranicu internet preglednik \u0161alje natrag kola\u010di\u0107e koji pripadaju toj stranici. Ovo omogu\u0107ava stranici da prika\u017ee informacije prilago\u0111ene Va\u0161im potrebama. [&hellip;]<\/p>","protected":false},"author":1,"featured_media":0,"parent":0,"menu_order":0,"comment_status":"closed","ping_status":"open","template":"page-fullwidth.php","meta":{"footnotes":""},"class_list":["post-3","page","type-page","status-publish","hentry"],"_links":{"self":[{"href":"https:\/\/nisadesign.hr\/en\/wp-json\/wp\/v2\/pages\/3","targetHints":{"allow":["GET"]}}],"collection":[{"href":"https:\/\/nisadesign.hr\/en\/wp-json\/wp\/v2\/pages"}],"about":[{"href":"https:\/\/nisadesign.hr\/en\/wp-json\/wp\/v2\/types\/page"}],"author":[{"embeddable":true,"href":"https:\/\/nisadesign.hr\/en\/wp-json\/wp\/v2\/users\/1"}],"replies":[{"embeddable":true,"href":"https:\/\/nisadesign.hr\/en\/wp-json\/wp\/v2\/comments?post=3"}],"version-history":[{"count":10,"href":"https:\/\/nisadesign.hr\/en\/wp-json\/wp\/v2\/pages\/3\/revisions"}],"predecessor-version":[{"id":598,"href":"https:\/\/nisadesign.hr\/en\/wp-json\/wp\/v2\/pages\/3\/revisions\/598"}],"wp:attachment":[{"href":"https:\/\/nisadesign.hr\/en\/wp-json\/wp\/v2\/media?parent=3"}],"curies":[{"name":"wp","href":"https:\/\/api.w.org\/{rel}","templated":true}]}}