{"id":163,"date":"2018-09-08T13:29:52","date_gmt":"2018-09-08T11:29:52","guid":{"rendered":"http:\/\/nisadesign.hr\/?page_id=163"},"modified":"2018-09-20T12:46:46","modified_gmt":"2018-09-20T10:46:46","slug":"moja-rijeka","status":"publish","type":"page","link":"https:\/\/nisadesign.hr\/en\/moja-rijeka\/","title":{"rendered":"Moja Rijeka"},"content":{"rendered":"<p>Linija \u201cMoja Rijeka\u201d posebna je linija suvenira grada Rijeke, nastala ponajvi\u0161e zbog manjka istih. Ilustracije koje sam crtala za predstavu <em>Trsatski zmaj <\/em>odlu\u010dila sam postaviti kao glavnu temu nove linije nakita i ku\u0107anskih proizvoda, te kao novitet uvesti i magnete.\u00a0 Svi ljubitelji grada Rijeke mogu u\u017eivati u crte\u017eima na\u0161eg grada, a sigurno svaki predmet mo\u017ee biti lijep suvenir za va\u0161e poznanike. Materijal proizvoda je ostao isti, radi se o pleksiglasu, a osim ilustracija grada Rijeke mogu\u0107e je proizvesti i seriju radova s\u00a0 ilustracijama drugih tema.<\/p>\n<p><a href=\"http:\/\/nisadesign.hr\/wp-content\/uploads\/2018\/09\/moja-rijeka-1.jpg\"><img loading=\"lazy\" decoding=\"async\" class=\"alignnone wp-image-171 size-large\" src=\"http:\/\/nisadesign.hr\/wp-content\/uploads\/2018\/09\/moja-rijeka-1-1021x1024.jpg\" alt=\"\" width=\"1021\" height=\"1024\" srcset=\"https:\/\/nisadesign.hr\/wp-content\/uploads\/2018\/09\/moja-rijeka-1-1021x1024.jpg 1021w, https:\/\/nisadesign.hr\/wp-content\/uploads\/2018\/09\/moja-rijeka-1-150x150.jpg 150w, https:\/\/nisadesign.hr\/wp-content\/uploads\/2018\/09\/moja-rijeka-1-300x300.jpg 300w, https:\/\/nisadesign.hr\/wp-content\/uploads\/2018\/09\/moja-rijeka-1-768x770.jpg 768w, https:\/\/nisadesign.hr\/wp-content\/uploads\/2018\/09\/moja-rijeka-1-600x602.jpg 600w, https:\/\/nisadesign.hr\/wp-content\/uploads\/2018\/09\/moja-rijeka-1-100x100.jpg 100w, https:\/\/nisadesign.hr\/wp-content\/uploads\/2018\/09\/moja-rijeka-1.jpg 1500w\" sizes=\"auto, (max-width: 1021px) 100vw, 1021px\" \/><\/a><\/p>\n<p><a href=\"http:\/\/nisadesign.hr\/wp-content\/uploads\/2018\/09\/moja-rijeka-3.jpg\"><img loading=\"lazy\" decoding=\"async\" class=\"alignnone wp-image-173 size-large\" src=\"http:\/\/nisadesign.hr\/wp-content\/uploads\/2018\/09\/moja-rijeka-3-1024x1024.jpg\" alt=\"\" width=\"1024\" height=\"1024\" \/><\/a><\/p>","protected":false},"excerpt":{"rendered":"<p>Linija \u201cMoja Rijeka\u201d posebna je linija suvenira grada Rijeke, nastala ponajvi\u0161e zbog manjka istih. Ilustracije koje sam crtala za predstavu Trsatski zmaj odlu\u010dila sam postaviti kao glavnu temu nove linije nakita i ku\u0107anskih proizvoda, te kao novitet uvesti i magnete.\u00a0 Svi ljubitelji grada Rijeke mogu u\u017eivati u crte\u017eima na\u0161eg grada, a sigurno svaki predmet mo\u017ee biti lijep suvenir za va\u0161e poznanike. Materijal proizvoda je ostao isti, radi se o pleksiglasu, a osim ilustracija grada Rijeke mogu\u0107e je proizvesti i seriju radova s\u00a0 ilustracijama drugih tema.<\/p>","protected":false},"author":1,"featured_media":172,"parent":0,"menu_order":0,"comment_status":"closed","ping_status":"closed","template":"","meta":{"footnotes":""},"class_list":["post-163","page","type-page","status-publish","has-post-thumbnail","hentry"],"_links":{"self":[{"href":"https:\/\/nisadesign.hr\/en\/wp-json\/wp\/v2\/pages\/163","targetHints":{"allow":["GET"]}}],"collection":[{"href":"https:\/\/nisadesign.hr\/en\/wp-json\/wp\/v2\/pages"}],"about":[{"href":"https:\/\/nisadesign.hr\/en\/wp-json\/wp\/v2\/types\/page"}],"author":[{"embeddable":true,"href":"https:\/\/nisadesign.hr\/en\/wp-json\/wp\/v2\/users\/1"}],"replies":[{"embeddable":true,"href":"https:\/\/nisadesign.hr\/en\/wp-json\/wp\/v2\/comments?post=163"}],"version-history":[{"count":4,"href":"https:\/\/nisadesign.hr\/en\/wp-json\/wp\/v2\/pages\/163\/revisions"}],"predecessor-version":[{"id":297,"href":"https:\/\/nisadesign.hr\/en\/wp-json\/wp\/v2\/pages\/163\/revisions\/297"}],"wp:featuredmedia":[{"embeddable":true,"href":"https:\/\/nisadesign.hr\/en\/wp-json\/wp\/v2\/media\/172"}],"wp:attachment":[{"href":"https:\/\/nisadesign.hr\/en\/wp-json\/wp\/v2\/media?parent=163"}],"curies":[{"name":"wp","href":"https:\/\/api.w.org\/{rel}","templated":true}]}}