{"id":143,"date":"2018-09-08T13:13:07","date_gmt":"2018-09-08T11:13:07","guid":{"rendered":"http:\/\/nisadesign.hr\/?page_id=143"},"modified":"2018-09-10T00:01:09","modified_gmt":"2018-09-09T22:01:09","slug":"predstave","status":"publish","type":"page","link":"https:\/\/nisadesign.hr\/en\/predstave\/","title":{"rendered":"Predstave"},"content":{"rendered":"<h1><strong>Predstave<\/strong><\/h1>\n<p>Kazali\u0161te je od malena bio moj svijet \u010darolije i veselja. Imala sam sre\u0107u da sam upoznala magiju kazali\u0161ta ve\u0107 jako rano kao mala glumica, a potom sam postala kreator kazali\u0161nih pri\u010da. U svojem \u017eivotopisu potpisujem likovna rje\u0161enja za razne predstave, lutkarske, lutkarsko-igrane, mjuzikle i predstave za odrasle. Dobitnica sam i nagrade za najbolju scenografiju na <em>Malom Maruli\u0107u<\/em> i za kulturna dostignu\u0107a u 2016.godini. Sura\u0111ivala sam s Gradskim kazali\u0161tem lutaka, udrugom Ri teatar, Studiom Maraton, Scenom IBM\u2026<\/p>\n<p>Otvorena sam za nove suradnje, a unutar na\u0161e produkcije posjedujemo i vi\u0161e predstava za djecu koje smo pisali i re\u017eirali od srca. Sve vezano uz kazali\u0161nu scenu, izradu lutaka, lutkarske radionice, re\u017eiju, scenarije mo\u017eete nas slobodno pitati!<\/p>\n<p><strong>Na\u0161a produkcija:<\/strong><\/p>\n<ul>\n<li><span style=\"color: #978bc2;\"><a style=\"color: #978bc2;\" href=\"http:\/\/nisadesign.hr\/en\/mali-princ\/\">Mali Princ<\/a><\/span><\/li>\n<li><span style=\"color: #978bc2;\"><a style=\"color: #978bc2;\" href=\"http:\/\/nisadesign.hr\/en\/morin-san\/\">Morin San<\/a><\/span><\/li>\n<\/ul>\n<p><strong>Suradnje:<\/strong><\/p>\n<p><em>Gradsko Kazali\u0161te Lutaka u Rijeci<\/em><\/p>\n<ul>\n<li><span style=\"color: #978bc2;\"><a style=\"color: #978bc2;\" href=\"http:\/\/nisadesign.hr\/en\/trsatski-zmaj\/\">Trsatski Zmaj<\/a><\/span><\/li>\n<li><span style=\"color: #978bc2;\"><a style=\"color: #978bc2;\" href=\"http:\/\/nisadesign.hr\/en\/beba-bebac\/\">Beba Beba\u010d<\/a><\/span><\/li>\n<li><span style=\"color: #978bc2;\"><a style=\"color: #978bc2;\" href=\"http:\/\/nisadesign.hr\/en\/mala-sirena\/\">Mala Sirena<\/a><\/span><\/li>\n<\/ul>\n<p><em>Studio Maraton<\/em><\/p>\n<ul>\n<li><span style=\"color: #978bc2;\"><a style=\"color: #978bc2;\" href=\"http:\/\/nisadesign.hr\/en\/magic-musical\/\">Magic Musical<\/a><\/span><\/li>\n<\/ul>\n<p><em>Teatar Happy Things Academy Rijeka<\/em><\/p>\n<ul>\n<li><span style=\"color: #978bc2;\"><a style=\"color: #978bc2;\" href=\"http:\/\/nisadesign.hr\/en\/glulo-i-smrlo\/\">Glulo i Smrlo<\/a><\/span><\/li>\n<\/ul>","protected":false},"excerpt":{"rendered":"<p>Predstave Kazali\u0161te je od malena bio moj svijet \u010darolije i veselja. Imala sam sre\u0107u da sam upoznala magiju kazali\u0161ta ve\u0107 jako rano kao mala glumica, a potom sam postala kreator kazali\u0161nih pri\u010da. U svojem \u017eivotopisu potpisujem likovna rje\u0161enja za razne predstave, lutkarske, lutkarsko-igrane, mjuzikle i predstave za odrasle. Dobitnica sam i nagrade za najbolju scenografiju na Malom Maruli\u0107u i za kulturna dostignu\u0107a u 2016.godini. Sura\u0111ivala sam s Gradskim kazali\u0161tem lutaka, udrugom Ri teatar, Studiom Maraton, Scenom IBM\u2026 Otvorena sam za nove suradnje, a unutar na\u0161e produkcije posjedujemo i vi\u0161e predstava za djecu koje smo pisali i re\u017eirali od srca. Sve vezano uz kazali\u0161nu scenu, izradu lutaka, lutkarske radionice, re\u017eiju, scenarije mo\u017eete nas slobodno pitati! Na\u0161a produkcija: Mali Princ Morin San Suradnje: Gradsko Kazali\u0161te Lutaka u Rijeci Trsatski Zmaj Beba Beba\u010d Mala Sirena Studio Maraton Magic Musical Teatar Happy Things Academy Rijeka Glulo i Smrlo<\/p>","protected":false},"author":1,"featured_media":0,"parent":0,"menu_order":0,"comment_status":"closed","ping_status":"closed","template":"","meta":{"footnotes":""},"class_list":["post-143","page","type-page","status-publish","hentry"],"_links":{"self":[{"href":"https:\/\/nisadesign.hr\/en\/wp-json\/wp\/v2\/pages\/143","targetHints":{"allow":["GET"]}}],"collection":[{"href":"https:\/\/nisadesign.hr\/en\/wp-json\/wp\/v2\/pages"}],"about":[{"href":"https:\/\/nisadesign.hr\/en\/wp-json\/wp\/v2\/types\/page"}],"author":[{"embeddable":true,"href":"https:\/\/nisadesign.hr\/en\/wp-json\/wp\/v2\/users\/1"}],"replies":[{"embeddable":true,"href":"https:\/\/nisadesign.hr\/en\/wp-json\/wp\/v2\/comments?post=143"}],"version-history":[{"count":4,"href":"https:\/\/nisadesign.hr\/en\/wp-json\/wp\/v2\/pages\/143\/revisions"}],"predecessor-version":[{"id":226,"href":"https:\/\/nisadesign.hr\/en\/wp-json\/wp\/v2\/pages\/143\/revisions\/226"}],"wp:attachment":[{"href":"https:\/\/nisadesign.hr\/en\/wp-json\/wp\/v2\/media?parent=143"}],"curies":[{"name":"wp","href":"https:\/\/api.w.org\/{rel}","templated":true}]}}